{"id":8213,"date":"2025-07-16T06:39:17","date_gmt":"2025-07-16T06:39:17","guid":{"rendered":"https:\/\/smart-vape.store\/?post_type=product&#038;p=8213"},"modified":"2025-11-20T07:26:10","modified_gmt":"2025-11-20T07:26:10","slug":"jnr-calavera-11000","status":"publish","type":"product","link":"https:\/\/smart-vape.store\/es\/product\/jnr-calavera-11000\/","title":{"rendered":"JNR CALAVERA 11000"},"content":{"rendered":"<h2 data-start=\"190\" data-end=\"245\"><strong data-start=\"194\" data-end=\"245\">Pr\u00e9sentation du produit JNR CALAVERA 11000 Puff<\/strong><\/h2>\n<p data-start=\"247\" data-end=\"866\">Le <strong data-start=\"250\" data-end=\"272\">JNR CALAVERA 11000<\/strong> est un dispositif jetable haut de gamme alliant performances techniques et richesse aromatique. \u00c9quip\u00e9 d\u2019une batterie rechargeable de <strong data-start=\"407\" data-end=\"418\">850 mAh<\/strong> et d\u2019un port de <strong data-start=\"435\" data-end=\"465\">recharge rapide USB Type-C<\/strong>, il offre jusqu\u2019\u00e0 <strong data-start=\"484\" data-end=\"503\">11 000 bouff\u00e9es<\/strong> continues. Son r\u00e9servoir de <strong data-start=\"532\" data-end=\"541\">21 ml<\/strong> et sa <strong data-start=\"548\" data-end=\"595\">r\u00e9sistance en maille double (To\u2019rli Kangal)<\/strong> avec <strong data-start=\"601\" data-end=\"610\">1,2 \u03a9<\/strong> garantissent une vapeur dense, savoureuse et constante. Fabriqu\u00e9 en <strong data-start=\"679\" data-end=\"723\">acier inoxydable (Zanglamaydigan Po&#8217;lat)<\/strong>, il dispose \u00e9galement de <strong data-start=\"749\" data-end=\"769\">lumi\u00e8res LED RGB<\/strong> int\u00e9gr\u00e9es et d\u2019un <strong data-start=\"788\" data-end=\"811\">flux d\u2019air r\u00e9glable<\/strong>, pour une exp\u00e9rience de vape totalement personnalis\u00e9e.<\/p>\n<hr data-start=\"868\" data-end=\"871\" \/>\n<h2 data-start=\"873\" data-end=\"929\"><strong data-start=\"877\" data-end=\"929\">Descriptions des saveurs JNR CALAVERA 11000 Puff<\/strong><\/h2>\n<p data-start=\"931\" data-end=\"1073\">Avec <strong data-start=\"936\" data-end=\"958\">20 saveurs vari\u00e9es<\/strong>, cette gamme propose un voyage aromatique entre fruits classiques, combinaisons tropicales et fra\u00eecheurs glac\u00e9es :<\/p>\n<ol data-start=\"1075\" data-end=\"2479\">\n<li data-start=\"1075\" data-end=\"1143\">\n<p data-start=\"1078\" data-end=\"1143\"><strong data-start=\"1078\" data-end=\"1095\">Hielo de ar\u00e1ndanos<\/strong> \u2013 Myrtille glac\u00e9e, fruit\u00e9e et rafra\u00eechissante<\/p>\n<\/li>\n<li data-start=\"1144\" data-end=\"1208\">\n<p data-start=\"1147\" data-end=\"1208\"><strong data-start=\"1147\" data-end=\"1164\">Pi\u00f1a helada<\/strong> \u2013 Ananas sucr\u00e9 avec une touche de menthol<\/p>\n<\/li>\n<li data-start=\"1209\" data-end=\"1272\">\n<p data-start=\"1212\" data-end=\"1272\"><strong data-start=\"1212\" data-end=\"1230\">Hielo de sand\u00eda<\/strong> \u2013 Past\u00e8que juteuse et fra\u00eecheur intense<\/p>\n<\/li>\n<li data-start=\"1273\" data-end=\"1340\">\n<p data-start=\"1276\" data-end=\"1340\"><strong data-start=\"1276\" data-end=\"1292\">Lemon &amp; Lime<\/strong> \u2013 Citron et citron vert, acidul\u00e9 et vivifiant<\/p>\n<\/li>\n<li data-start=\"1341\" data-end=\"1396\">\n<p data-start=\"1344\" data-end=\"1396\"><strong data-start=\"1344\" data-end=\"1357\">Melocot\u00f3n helado<\/strong> \u2013 P\u00eache douce rehauss\u00e9e de fra\u00eecheur<\/p>\n<\/li>\n<li data-start=\"1397\" data-end=\"1470\">\n<p data-start=\"1400\" data-end=\"1470\"><strong data-start=\"1400\" data-end=\"1419\">Fresa Kiwi<\/strong> \u2013 Fraise et kiwi pour un \u00e9quilibre sucr\u00e9-acidul\u00e9<\/p>\n<\/li>\n<li data-start=\"1471\" data-end=\"1541\">\n<p data-start=\"1474\" data-end=\"1541\"><strong data-start=\"1474\" data-end=\"1501\">Passionfruit Kiwi Guava<\/strong> \u2013 Fusion exotique de fruits tropicaux<\/p>\n<\/li>\n<li data-start=\"1542\" data-end=\"1617\">\n<p data-start=\"1545\" data-end=\"1617\"><strong data-start=\"1545\" data-end=\"1565\">Azul Razz Cereza<\/strong> \u2013 Myrtille bleue, framboise et cerise en harmonie<\/p>\n<\/li>\n<li data-start=\"1618\" data-end=\"1692\">\n<p data-start=\"1621\" data-end=\"1692\"><strong data-start=\"1621\" data-end=\"1641\">Black Dragon Ice<\/strong> \u2013 M\u00e9lange fruit\u00e9 sombre avec une touche glaciale<\/p>\n<\/li>\n<li data-start=\"1693\" data-end=\"1773\">\n<p data-start=\"1697\" data-end=\"1773\"><strong data-start=\"1697\" data-end=\"1726\">Peach Mango Pineapple Ice<\/strong> \u2013 Trio tropical, \u00e9quilibr\u00e9 et rafra\u00eechissant<\/p>\n<\/li>\n<li data-start=\"1774\" data-end=\"1841\">\n<p data-start=\"1778\" data-end=\"1841\"><strong data-start=\"1778\" data-end=\"1794\">Triple Mango<\/strong> \u2013 Explosion de mangue sous toutes ses formes<\/p>\n<\/li>\n<li data-start=\"1842\" data-end=\"1909\">\n<p data-start=\"1846\" data-end=\"1909\"><strong data-start=\"1846\" data-end=\"1858\">Sr. Azul<\/strong> \u2013 Saveur myst\u00e9rieuse \u00e0 dominante de fruits bleus<\/p>\n<\/li>\n<li data-start=\"1910\" data-end=\"1975\">\n<p data-start=\"1914\" data-end=\"1975\"><strong data-start=\"1914\" data-end=\"1923\">Vimto<\/strong> \u2013 Boisson fruit\u00e9e britannique au go\u00fbt nostalgique<\/p>\n<\/li>\n<li data-start=\"1976\" data-end=\"2044\">\n<p data-start=\"1980\" data-end=\"2044\"><strong data-start=\"1980\" data-end=\"1995\">Melocot\u00f3n Mango<\/strong> \u2013 Douceur de la p\u00eache et exotisme de la mangue<\/p>\n<\/li>\n<li data-start=\"2045\" data-end=\"2109\">\n<p data-start=\"2049\" data-end=\"2109\"><strong data-start=\"2049\" data-end=\"2075\">Watermelon Chewing Gum<\/strong> \u2013 Past\u00e8que et chewing-gum r\u00e9tro<\/p>\n<\/li>\n<li data-start=\"2110\" data-end=\"2192\">\n<p data-start=\"2114\" data-end=\"2192\"><strong data-start=\"2114\" data-end=\"2127\">Black Ice<\/strong> \u2013 Menthe noire intense, pour les amateurs de sensations fortes<\/p>\n<\/li>\n<li data-start=\"2193\" data-end=\"2269\">\n<p data-start=\"2197\" data-end=\"2269\"><strong data-start=\"2197\" data-end=\"2226\">Hielo de fresa y sand\u00eda<\/strong> \u2013 Duo fruit\u00e9 glac\u00e9, l\u00e9ger et d\u00e9salt\u00e9rant<\/p>\n<\/li>\n<li data-start=\"2270\" data-end=\"2333\">\n<p data-start=\"2274\" data-end=\"2333\"><strong data-start=\"2274\" data-end=\"2287\">Hielo de uva<\/strong> \u2013 Raisin sucr\u00e9 avec une fra\u00eecheur menthol\u00e9e<\/p>\n<\/li>\n<li data-start=\"2334\" data-end=\"2401\">\n<p data-start=\"2338\" data-end=\"2401\"><strong data-start=\"2338\" data-end=\"2355\">Mezcla de bayas<\/strong> \u2013 Panier de baies vari\u00e9es, riche en nuances<\/p>\n<\/li>\n<li data-start=\"2402\" data-end=\"2479\">\n<p data-start=\"2406\" data-end=\"2479\"><strong data-start=\"2406\" data-end=\"2441\">Strawberry Raspberry Cherry Ice<\/strong> \u2013 Trio rouge glac\u00e9, vif et gourmand<\/p>\n<\/li>\n<\/ol>\n<hr data-start=\"2481\" data-end=\"2484\" \/>\n<h2 data-start=\"2486\" data-end=\"2543\"><strong data-start=\"2490\" data-end=\"2543\">Utilisation et exp\u00e9rience JNR CALAVERA 11000 Puff<\/strong><\/h2>\n<p data-start=\"2545\" data-end=\"2768\">Le JNR CALAVERA 11000 est con\u00e7u pour les vapoteurs recherchant une exp\u00e9rience de haute qualit\u00e9 et des ar\u00f4mes multiples. Chaque inhalation est une combinaison d\u2019effet visuel, de plaisir gustatif et de confort d\u2019utilisation :<\/p>\n<ul data-start=\"2770\" data-end=\"3094\">\n<li data-start=\"2770\" data-end=\"2841\">\n<p data-start=\"2772\" data-end=\"2841\"><strong data-start=\"2772\" data-end=\"2795\">Effets lumineux RGB<\/strong> pour un style distinctif, notamment de nuit<\/p>\n<\/li>\n<li data-start=\"2842\" data-end=\"2909\">\n<p data-start=\"2844\" data-end=\"2909\"><strong data-start=\"2844\" data-end=\"2870\">Contr\u00f4le du flux d\u2019air<\/strong> permettant un tirage serr\u00e9 ou a\u00e9rien<\/p>\n<\/li>\n<li data-start=\"2910\" data-end=\"2968\">\n<p data-start=\"2912\" data-end=\"2968\"><strong data-start=\"2912\" data-end=\"2935\">Autonomie prolong\u00e9e<\/strong> gr\u00e2ce \u00e0 sa batterie de 850 mAh<\/p>\n<\/li>\n<li data-start=\"2969\" data-end=\"3034\">\n<p data-start=\"2971\" data-end=\"3034\"><strong data-start=\"2971\" data-end=\"2997\">Recharge rapide Type-C<\/strong>, id\u00e9al pour une utilisation nomade<\/p>\n<\/li>\n<li data-start=\"3035\" data-end=\"3094\">\n<p data-start=\"3037\" data-end=\"3094\"><strong data-start=\"3037\" data-end=\"3067\">Design en acier inoxydable<\/strong>, r\u00e9sistant et esth\u00e9tique<\/p>\n<\/li>\n<\/ul>\n<hr data-start=\"3096\" data-end=\"3099\" \/>\n<h2 data-start=\"3101\" data-end=\"3138\"><strong data-start=\"3105\" data-end=\"3138\">FAQ \u2013 JNR CALAVERA 11000 Puff<\/strong><\/h2>\n<p data-start=\"3140\" data-end=\"3278\"><strong data-start=\"3140\" data-end=\"3174\">Q : Le go\u00fbt est-il trop fort ?<\/strong><br data-start=\"3174\" data-end=\"3177\" \/><strong data-start=\"3177\" data-end=\"3184\">R :<\/strong> Non, chaque ar\u00f4me est soigneusement \u00e9quilibr\u00e9 pour offrir une vape agr\u00e9able et non \u00e9c\u0153urante.<\/p>\n<p data-start=\"3280\" data-end=\"3353\"><strong data-start=\"3280\" data-end=\"3318\">Q : Peut-on recharger l\u2019appareil ?<\/strong><br data-start=\"3318\" data-end=\"3321\" \/><strong data-start=\"3321\" data-end=\"3328\">R :<\/strong> Oui, via <strong data-start=\"3338\" data-end=\"3352\">USB Type-C<\/strong>.<\/p>\n<p data-start=\"3355\" data-end=\"3458\"><strong data-start=\"3355\" data-end=\"3404\">Q : Quels taux de nicotine sont disponibles ?<\/strong><br data-start=\"3404\" data-end=\"3407\" \/><strong data-start=\"3407\" data-end=\"3414\">R :<\/strong> 0 %, 2 %, 3 % et 5 % selon les pr\u00e9f\u00e9rences.<\/p>\n<p data-start=\"3460\" data-end=\"3580\"><strong data-start=\"3460\" data-end=\"3500\">Q : Le d\u00e9bit d\u2019air est-il r\u00e9glable ?<\/strong><br data-start=\"3500\" data-end=\"3503\" \/><strong data-start=\"3503\" data-end=\"3510\">R :<\/strong> Oui, un syst\u00e8me de contr\u00f4le manuel permet de moduler l\u2019arriv\u00e9e d\u2019air.<\/p>\n<p data-start=\"3582\" data-end=\"3829\"><strong data-start=\"3582\" data-end=\"3636\">Q : Quelles sont les saveurs les plus populaires ?<\/strong><br data-start=\"3636\" data-end=\"3639\" \/><strong data-start=\"3639\" data-end=\"3646\">R :<\/strong> Les ar\u00f4mes les plus appr\u00e9ci\u00e9s incluent <strong data-start=\"3686\" data-end=\"3713\">Passionfruit Kiwi Guava<\/strong>, <strong data-start=\"3715\" data-end=\"3731\">Triple Mango<\/strong>y <strong data-start=\"3736\" data-end=\"3765\">Hielo de fresa y sand\u00eda<\/strong>, parfaits pour les amateurs de fruits intenses et de fra\u00eecheur.<\/p>\n<hr data-start=\"3831\" data-end=\"3834\" \/>\n<p data-start=\"3836\" data-end=\"3974\">\u26a0\ufe0f <strong data-start=\"3839\" data-end=\"3974\">Avertissement : Ce produit contient de la nicotine. La nicotine est une substance addictive. R\u00e9serv\u00e9 aux adultes de plus de 18 ans.<\/strong><\/p>","protected":false},"excerpt":{"rendered":"<p><strong>JNR CALAVERA 11000<\/strong>, dispositif jetable avec batterie 850mAh, \u00e9clairage RGB, tirage r\u00e9glable et 20 saveurs fruit\u00e9es pour une vape personnalis\u00e9e.<\/p>","protected":false},"featured_media":8299,"comment_status":"open","ping_status":"closed","template":"","meta":[],"product_brand":[79],"product_cat":[76],"product_tag":[],"class_list":{"0":"post-8213","1":"product","2":"type-product","3":"status-publish","4":"has-post-thumbnail","6":"product_brand-jnr-vape","7":"product_cat-cigarette-electronique-jetable","9":"first","10":"outofstock","11":"shipping-taxable","12":"purchasable","13":"product-type-variable"},"_links":{"self":[{"href":"https:\/\/smart-vape.store\/es\/wp-json\/wp\/v2\/product\/8213","targetHints":{"allow":["GET"]}}],"collection":[{"href":"https:\/\/smart-vape.store\/es\/wp-json\/wp\/v2\/product"}],"about":[{"href":"https:\/\/smart-vape.store\/es\/wp-json\/wp\/v2\/types\/product"}],"replies":[{"embeddable":true,"href":"https:\/\/smart-vape.store\/es\/wp-json\/wp\/v2\/comments?post=8213"}],"version-history":[{"count":1,"href":"https:\/\/smart-vape.store\/es\/wp-json\/wp\/v2\/product\/8213\/revisions"}],"predecessor-version":[{"id":8302,"href":"https:\/\/smart-vape.store\/es\/wp-json\/wp\/v2\/product\/8213\/revisions\/8302"}],"wp:featuredmedia":[{"embeddable":true,"href":"https:\/\/smart-vape.store\/es\/wp-json\/wp\/v2\/media\/8299"}],"wp:attachment":[{"href":"https:\/\/smart-vape.store\/es\/wp-json\/wp\/v2\/media?parent=8213"}],"wp:term":[{"taxonomy":"product_brand","embeddable":true,"href":"https:\/\/smart-vape.store\/es\/wp-json\/wp\/v2\/product_brand?post=8213"},{"taxonomy":"product_cat","embeddable":true,"href":"https:\/\/smart-vape.store\/es\/wp-json\/wp\/v2\/product_cat?post=8213"},{"taxonomy":"product_tag","embeddable":true,"href":"https:\/\/smart-vape.store\/es\/wp-json\/wp\/v2\/product_tag?post=8213"}],"curies":[{"name":"wp","href":"https:\/\/api.w.org\/{rel}","templated":true}]}}