{"id":8433,"date":"2025-07-17T02:31:10","date_gmt":"2025-07-17T02:31:10","guid":{"rendered":"https:\/\/smart-vape.store\/?post_type=product&#038;p=8433"},"modified":"2025-11-22T07:51:51","modified_gmt":"2025-11-22T07:51:51","slug":"jnr-batman-11000-puff","status":"publish","type":"product","link":"https:\/\/smart-vape.store\/es\/product\/jnr-batman-11000-puff\/","title":{"rendered":"JNR Batman 11000 Puff"},"content":{"rendered":"<h2 data-start=\"254\" data-end=\"321\"><strong data-start=\"258\" data-end=\"319\">JNR Batman 11000 Puff-Kiwi Pasi\u00f3n Guayaba Descripci\u00f3n del producto<\/strong><\/h2>\n<p data-start=\"322\" data-end=\"568\">En <strong data-start=\"326\" data-end=\"351\">JNR Batman 11000 Puff<\/strong> de larga duraci\u00f3n, <strong data-start=\"377\" data-end=\"408\">Bater\u00eda recargable de 850 mAh<\/strong>un generoso <strong data-start=\"421\" data-end=\"447\">20 ml de capacidad de e-l\u00edquido<\/strong>y avanzada <strong data-start=\"462\" data-end=\"491\">tecnolog\u00eda de bobina de doble malla<\/strong> que proporciona un sabor y una salida de vapor constantes hasta <strong data-start=\"551\" data-end=\"567\">11.000 bocanadas<\/strong>.<\/p>\n<p data-start=\"570\" data-end=\"897\">Equipado con un <strong data-start=\"586\" data-end=\"614\">Puerto de carga USB Tipo-C<\/strong>, <strong data-start=\"616\" data-end=\"646\">control de flujo de aire ajustable<\/strong>y <strong data-start=\"652\" data-end=\"672\">luces indicadoras<\/strong> tanto para la bater\u00eda como para los niveles de e-l\u00edquido, este dispositivo garantiza una experiencia de vapeo suave e inteligente de principio a fin. El <strong data-start=\"797\" data-end=\"829\">sistema de disparo por tracci\u00f3n<\/strong> hace que su manejo sea c\u00f3modo e intuitivo, sin necesidad de botones.<\/p>\n<hr data-start=\"899\" data-end=\"902\" \/>\n<h2 data-start=\"904\" data-end=\"954\"><strong data-start=\"908\" data-end=\"952\">Descripci\u00f3n de JNR Batman 11000 Puff Flavour<\/strong><\/h2>\n<p data-start=\"955\" data-end=\"1310\"><strong data-start=\"955\" data-end=\"977\">Kiwi Pasi\u00f3n Guayaba<\/strong> combina tres vivas frutas tropicales en un estimulante perfil de sabor. El <strong data-start=\"1055\" data-end=\"1063\">kiwi<\/strong> proporciona una apertura \u00e1cida y ligeramente acidulada, seguida de la <strong data-start=\"1124\" data-end=\"1143\">fruta de la pasi\u00f3n<\/strong> dulzor rico y arom\u00e1tico. Terminando con el <strong data-start=\"1189\" data-end=\"1200\">de guayaba<\/strong> con matices suaves y cremosos, el resultado es un vapor ex\u00f3tico, brillante, jugoso y lujosamente suave.<\/p>\n<hr data-start=\"1312\" data-end=\"1315\" \/>\n<h2 data-start=\"1317\" data-end=\"1367\"><strong data-start=\"1321\" data-end=\"1365\">JNR Batman 11000 Puff Uso y experiencia<\/strong><\/h2>\n<p data-start=\"1368\" data-end=\"1586\">Este dispositivo es perfecto para los usuarios que buscan variedad y profundidad en cada calada. Tanto si prefieres atrevidas mezclas de frutas como sutiles refrescos tropicales, el <strong data-start=\"1514\" data-end=\"1534\">JNR Batman 11000<\/strong> proporciona un vapeo flexible y lleno de sabor en todo momento.<\/p>\n<p data-start=\"1588\" data-end=\"1921\">En <strong data-start=\"1592\" data-end=\"1621\">sistema de flujo de aire ajustable<\/strong> permite a los usuarios ajustar con precisi\u00f3n la resistencia y la producci\u00f3n de nubes a su gusto, ya sea una aspiraci\u00f3n MTL (boca a pulm\u00f3n) m\u00e1s intensa o un golpe m\u00e1s flojo y a\u00e9reo. Combinado con bobinas de malla duales y un tanque de alta capacidad, el dispositivo ofrece claridad de sabor y densidad de vapor con un mantenimiento m\u00ednimo.<\/p>\n<hr data-start=\"1923\" data-end=\"1926\" \/>\n<h2 data-start=\"1928\" data-end=\"1961\"><strong data-start=\"1932\" data-end=\"1961\">JNR Batman 11000 Puff FAQ<\/strong><\/h2>\n<p data-start=\"1963\" data-end=\"2163\"><strong data-start=\"1963\" data-end=\"2021\">P: \u00bfC\u00f3mo es este sabor en comparaci\u00f3n con otras mezclas afrutadas?<\/strong><br data-start=\"2021\" data-end=\"2024\" \/><strong data-start=\"2024\" data-end=\"2030\">A:<\/strong> Kiwi Passion Guava ofrece un perfil m\u00e1s rico y con m\u00e1s capas, ideal para quienes disfrutan de las mezclas tropicales con notas \u00e1cidas y cremosas a la vez.<\/p>\n<p data-start=\"2165\" data-end=\"2302\"><strong data-start=\"2165\" data-end=\"2197\">P: \u00bfPuedo ajustar el caudal de aire?<\/strong><br data-start=\"2197\" data-end=\"2200\" \/><strong data-start=\"2200\" data-end=\"2206\">A:<\/strong> S\u00ed, el dispositivo cuenta con <strong data-start=\"2232\" data-end=\"2262\">control de flujo de aire ajustable<\/strong> para adaptarse a su resistencia de tracci\u00f3n preferida.<\/p>\n<p data-start=\"2304\" data-end=\"2426\"><strong data-start=\"2304\" data-end=\"2338\">P: \u00bfEs recargable el aparato?<\/strong><br data-start=\"2338\" data-end=\"2341\" \/><strong data-start=\"2341\" data-end=\"2347\">A:<\/strong> Absolutamente. Viene con un <strong data-start=\"2376\" data-end=\"2395\">Puerto USB Tipo-C<\/strong> para una recarga r\u00e1pida y fiable.<\/p>\n<p data-start=\"2428\" data-end=\"2564\"><strong data-start=\"2428\" data-end=\"2486\">P: \u00bfC\u00f3mo s\u00e9 cu\u00e1nta bater\u00eda o e-l\u00edquido me queda?<\/strong><br data-start=\"2486\" data-end=\"2489\" \/><strong data-start=\"2489\" data-end=\"2495\">A:<\/strong> Existen <strong data-start=\"2506\" data-end=\"2526\">luces indicadoras<\/strong> tanto para los niveles de bater\u00eda como de e-l\u00edquido.<\/p>\n<p data-start=\"2566\" data-end=\"2672\"><strong data-start=\"2566\" data-end=\"2608\">P: \u00bfQu\u00e9 niveles de nicotina hay disponibles?<\/strong><br data-start=\"2608\" data-end=\"2611\" \/><strong data-start=\"2611\" data-end=\"2617\">A:<\/strong> Disponible en <strong data-start=\"2631\" data-end=\"2663\">0%, 2% y 5% sal de nicotina<\/strong> opciones.<\/p>\n<hr data-start=\"2674\" data-end=\"2677\" \/>\n<p data-start=\"2679\" data-end=\"2806\">\u26a0\ufe0f <strong data-start=\"2682\" data-end=\"2693\">Advertencia<\/strong>Este producto contiene nicotina. La nicotina es una sustancia adictiva. Destinado \u00fanicamente a adultos mayores de 18 a\u00f1os.<\/p>","protected":false},"excerpt":{"rendered":"<p><strong>JNR Batman 11000 Puff<\/strong> marie kiwi, fruta de la pasi\u00f3n y goyave con un flujo de aire regulable y doble bobina para un vapeo ex\u00f3tico y sabroso.<\/p>","protected":false},"featured_media":8497,"comment_status":"open","ping_status":"closed","template":"","meta":[],"product_brand":[79],"product_cat":[76],"product_tag":[],"class_list":{"0":"post-8433","1":"product","2":"type-product","3":"status-publish","4":"has-post-thumbnail","6":"product_brand-jnr-vape","7":"product_cat-cigarette-electronique-jetable","9":"first","10":"outofstock","11":"shipping-taxable","12":"purchasable","13":"product-type-variable"},"_links":{"self":[{"href":"https:\/\/smart-vape.store\/es\/wp-json\/wp\/v2\/product\/8433","targetHints":{"allow":["GET"]}}],"collection":[{"href":"https:\/\/smart-vape.store\/es\/wp-json\/wp\/v2\/product"}],"about":[{"href":"https:\/\/smart-vape.store\/es\/wp-json\/wp\/v2\/types\/product"}],"replies":[{"embeddable":true,"href":"https:\/\/smart-vape.store\/es\/wp-json\/wp\/v2\/comments?post=8433"}],"version-history":[{"count":1,"href":"https:\/\/smart-vape.store\/es\/wp-json\/wp\/v2\/product\/8433\/revisions"}],"predecessor-version":[{"id":8501,"href":"https:\/\/smart-vape.store\/es\/wp-json\/wp\/v2\/product\/8433\/revisions\/8501"}],"wp:featuredmedia":[{"embeddable":true,"href":"https:\/\/smart-vape.store\/es\/wp-json\/wp\/v2\/media\/8497"}],"wp:attachment":[{"href":"https:\/\/smart-vape.store\/es\/wp-json\/wp\/v2\/media?parent=8433"}],"wp:term":[{"taxonomy":"product_brand","embeddable":true,"href":"https:\/\/smart-vape.store\/es\/wp-json\/wp\/v2\/product_brand?post=8433"},{"taxonomy":"product_cat","embeddable":true,"href":"https:\/\/smart-vape.store\/es\/wp-json\/wp\/v2\/product_cat?post=8433"},{"taxonomy":"product_tag","embeddable":true,"href":"https:\/\/smart-vape.store\/es\/wp-json\/wp\/v2\/product_tag?post=8433"}],"curies":[{"name":"wp","href":"https:\/\/api.w.org\/{rel}","templated":true}]}}