{"id":8991,"date":"2025-07-22T06:34:22","date_gmt":"2025-07-22T06:34:22","guid":{"rendered":"https:\/\/smart-vape.store\/?post_type=product&#038;p=8991"},"modified":"2025-11-22T07:49:15","modified_gmt":"2025-11-22T07:49:15","slug":"capsula-puff-jnr-15000","status":"publish","type":"product","link":"https:\/\/smart-vape.store\/es\/product\/capsula-puff-jnr-15000\/","title":{"rendered":"PUFF JNR C\u00e1psula 15000"},"content":{"rendered":"<h2 data-start=\"415\" data-end=\"475\"><strong data-start=\"419\" data-end=\"475\">Presentaci\u00f3n del producto PUFF JNR C\u00e1psula 15000 Puffs<\/strong><\/h2>\n<p data-start=\"477\" data-end=\"897\">La <strong>PUFF JNR C\u00e1psula 15000<\/strong> es un cigarrillo electr\u00f3nico vapeable de gama alta, dise\u00f1ado para ofrecer una experiencia de vapeo duradera, elegante e intuitiva. Dotado de un <strong data-start=\"643\" data-end=\"679\">bater\u00eda recargable de 850 mAh<\/strong>, d'un <strong data-start=\"686\" data-end=\"721\">dep\u00f3sito de 20 ml de e-liquido<\/strong>y de una tecnolog\u00eda <strong data-start=\"744\" data-end=\"762\">Bobina de malla doble<\/strong>garantiza una <strong data-start=\"782\" data-end=\"812\">producci\u00f3n de vapor rico<\/strong>, une <strong data-start=\"818\" data-end=\"851\">restitution fid\u00e8le des ar\u00f4mes<\/strong>y <strong data-start=\"856\" data-end=\"883\">hasta 15 000 botellas<\/strong> par appareil.<\/p>\n<p data-start=\"899\" data-end=\"1309\">Hijo <strong data-start=\"903\" data-end=\"928\">Pantalla LED inteligente<\/strong> Afiche en temps r\u00e9el le <strong data-start=\"954\" data-end=\"976\">nivel de bater\u00eda<\/strong> et la <strong data-start=\"983\" data-end=\"1017\">Cantidad de e-l\u00edquido restante<\/strong>, lo que permite una gesti\u00f3n precisa y sin sorpresas. La activaci\u00f3n se realiza simplemente <strong data-start=\"1104\" data-end=\"1130\">inhalaci\u00f3n autom\u00e1tica<\/strong>, sin boquilla, para un uso fluido e intuitivo. Su dise\u00f1o compacto y moderno, disponible en varios colores, lo convierte en un compa\u00f1ero de vapeo tan elegante como potente.<\/p>\n<ul data-start=\"1311\" data-end=\"1738\">\n<li data-start=\"1311\" data-end=\"1362\">\n<p data-start=\"1313\" data-end=\"1362\"><strong data-start=\"1313\" data-end=\"1343\">Nombre maximal de bouff\u00e9es<\/strong> hasta 15 000<\/p>\n<\/li>\n<li data-start=\"1363\" data-end=\"1400\">\n<p data-start=\"1365\" data-end=\"1400\"><strong data-start=\"1365\" data-end=\"1390\">Capacidad de e-liquido<\/strong> 20 ml<\/p>\n<\/li>\n<li data-start=\"1401\" data-end=\"1442\">\n<p data-start=\"1403\" data-end=\"1442\"><strong data-start=\"1403\" data-end=\"1415\">Bater\u00eda<\/strong> 850 mAh (recargable)<\/p>\n<\/li>\n<li data-start=\"1443\" data-end=\"1472\">\n<p data-start=\"1445\" data-end=\"1472\"><strong data-start=\"1445\" data-end=\"1457\">Recarga<\/strong> USB Tipo-C<\/p>\n<\/li>\n<li data-start=\"1473\" data-end=\"1508\">\n<p data-start=\"1475\" data-end=\"1508\"><strong data-start=\"1475\" data-end=\"1489\">Resistencia<\/strong> Bobina de malla doble<\/p>\n<\/li>\n<li data-start=\"1509\" data-end=\"1575\">\n<p data-start=\"1511\" data-end=\"1575\"><strong data-start=\"1511\" data-end=\"1520\">Pantalla<\/strong> LED inteligente (bater\u00eda y nivel de l\u00edquido)<\/p>\n<\/li>\n<li data-start=\"1576\" data-end=\"1625\">\n<p data-start=\"1578\" data-end=\"1625\"><strong data-start=\"1578\" data-end=\"1590\">Nicotina<\/strong> Disponible en 0 %, 2 % y 5 %<\/p>\n<\/li>\n<li data-start=\"1626\" data-end=\"1671\">\n<p data-start=\"1628\" data-end=\"1671\"><strong data-start=\"1628\" data-end=\"1642\">Activaci\u00f3n<\/strong> Inhalaci\u00f3n (sin boquilla)<\/p>\n<\/li>\n<li data-start=\"1672\" data-end=\"1738\">\n<p data-start=\"1674\" data-end=\"1738\"><strong data-start=\"1674\" data-end=\"1684\">Dise\u00f1o<\/strong> : Compacto, moderno, disponible en varios colores<\/p>\n<\/li>\n<\/ul>\n<hr data-start=\"1740\" data-end=\"1743\" \/>\n<h2 data-start=\"1745\" data-end=\"1807\"><strong data-start=\"1749\" data-end=\"1807\">PUFF JNR C\u00e1psula 15000 Puffs - Description des saveurs<\/strong><\/h2>\n<p data-start=\"1809\" data-end=\"2097\">Una amplia gama de sabores afrutados, afrutados y dulces le espera para una experiencia personalizada con cada ramo. Ya sea un aficionado a los frutos rojos, al menta glaseada o a los m\u00e9langes tropicales, la Capsule 15000 ofrece una paleta de sabores para satisfacer todos los paladares:<\/p>\n<ul data-start=\"2099\" data-end=\"2639\">\n<li data-start=\"2099\" data-end=\"2639\">\n<p data-start=\"2101\" data-end=\"2128\"><strong data-start=\"2101\" data-end=\"2124\">Ahorros disponibles<\/strong> :<\/p>\n<ul data-start=\"2131\" data-end=\"2639\">\n<li data-start=\"2131\" data-end=\"2173\">\n<p data-start=\"2133\" data-end=\"2173\">Saveurs al\u00e9atoires (exp\u00e9dition rapide)<\/p>\n<\/li>\n<li data-start=\"2176\" data-end=\"2194\">\n<p data-start=\"2178\" data-end=\"2194\">Ar\u00e1ndano Kiwi<\/p>\n<\/li>\n<li data-start=\"2197\" data-end=\"2211\">\n<p data-start=\"2199\" data-end=\"2211\">Hielo de pl\u00e1tano<\/p>\n<\/li>\n<li data-start=\"2214\" data-end=\"2231\">\n<p data-start=\"2216\" data-end=\"2231\">Hielo Razz Azul<\/p>\n<\/li>\n<li data-start=\"2234\" data-end=\"2246\">\n<p data-start=\"2236\" data-end=\"2246\">Bolos<\/p>\n<\/li>\n<li data-start=\"2249\" data-end=\"2267\">\n<p data-start=\"2251\" data-end=\"2267\">Fresa helada<\/p>\n<\/li>\n<li data-start=\"2270\" data-end=\"2289\">\n<p data-start=\"2272\" data-end=\"2289\">Fresa Kiwi<\/p>\n<\/li>\n<li data-start=\"2292\" data-end=\"2308\">\n<p data-start=\"2294\" data-end=\"2308\">Cereza<\/p>\n<\/li>\n<li data-start=\"2311\" data-end=\"2324\">\n<p data-start=\"2313\" data-end=\"2324\">Menta fresca<\/p>\n<\/li>\n<li data-start=\"2327\" data-end=\"2350\">\n<p data-start=\"2329\" data-end=\"2350\">Jugosas bayas de uva<\/p>\n<\/li>\n<li data-start=\"2353\" data-end=\"2365\">\n<p data-start=\"2355\" data-end=\"2365\">Sr. Azul<\/p>\n<\/li>\n<li data-start=\"2368\" data-end=\"2392\">\n<p data-start=\"2370\" data-end=\"2392\">Chicle de ar\u00e1ndanos<\/p>\n<\/li>\n<li data-start=\"2395\" data-end=\"2420\">\n<p data-start=\"2397\" data-end=\"2420\">Ar\u00e1ndano Granada<\/p>\n<\/li>\n<li data-start=\"2423\" data-end=\"2451\">\n<p data-start=\"2425\" data-end=\"2451\">Frambuesa agria con ar\u00e1ndanos<\/p>\n<\/li>\n<li data-start=\"2454\" data-end=\"2480\">\n<p data-start=\"2456\" data-end=\"2480\">Mubba Bubba Fresa<\/p>\n<\/li>\n<li data-start=\"2483\" data-end=\"2514\">\n<p data-start=\"2485\" data-end=\"2514\">Fresa Frambuesa Cereza<\/p>\n<\/li>\n<li data-start=\"2517\" data-end=\"2546\">\n<p data-start=\"2519\" data-end=\"2546\">Hielo de fresa y sand\u00eda<\/p>\n<\/li>\n<li data-start=\"2549\" data-end=\"2567\">\n<p data-start=\"2551\" data-end=\"2567\">Ponche tropical<\/p>\n<\/li>\n<li data-start=\"2570\" data-end=\"2594\">\n<p data-start=\"2572\" data-end=\"2594\">Sand\u00eda Brazz Ice<\/p>\n<\/li>\n<li data-start=\"2597\" data-end=\"2615\">\n<p data-start=\"2599\" data-end=\"2615\">Hielo de sand\u00eda<\/p>\n<\/li>\n<li data-start=\"2618\" data-end=\"2639\">\n<p data-start=\"2620\" data-end=\"2639\">Sand\u00eda Lichi<\/p>\n<\/li>\n<\/ul>\n<\/li>\n<\/ul>\n<p data-start=\"2641\" data-end=\"2800\">Cada sabor ha sido creado para ofrecer un equilibrio perfecto entre dulzor, acidez y fragancia, ideal para un vape din\u00e1mico, agradable y lleno de car\u00e1cter.<\/p>\n<hr data-start=\"2802\" data-end=\"2805\" \/>\n<h2 data-start=\"2807\" data-end=\"2871\"><strong data-start=\"2811\" data-end=\"2871\">PUFF JNR C\u00e1psula 15000 Puffs - Utilizaci\u00f3n y experiencia<\/strong><\/h2>\n<p data-start=\"2873\" data-end=\"3270\">Ideal para los aficionados a las largas sesiones de vapeo y los amantes de los sabores complejos e intensos. Gracias a su gran volumen de caladas, su recarga r\u00e1pida y su variedad de sabores, el PUFF JNR Capsule 15000 es perfecto para acompa\u00f1ar tus sesiones de vapeo con estabilidad y satisfacci\u00f3n. La pantalla LED inteligente a\u00f1ade un toque de control y tecnolog\u00eda, para un vapeo moderno y sin rastro.<\/p>\n<hr data-start=\"3272\" data-end=\"3275\" \/>\n<h2 data-start=\"3277\" data-end=\"3319\"><strong data-start=\"3281\" data-end=\"3319\">PUFF JNR C\u00e1psula 15000 Puffs - FAQ<\/strong><\/h2>\n<p data-start=\"3321\" data-end=\"3467\"><strong data-start=\"3321\" data-end=\"3358\">P: \u00bfLe go\u00fbt est-il trop intense?<\/strong><br data-start=\"3358\" data-end=\"3361\" \/><strong data-start=\"3361\" data-end=\"3368\">R :<\/strong> Non, chaque saveur est soigneusement \u00e9quilibr\u00e9e pour garantir une exp\u00e9rience agr\u00e9able, sans exc\u00e8s.<\/p>\n<p data-start=\"3469\" data-end=\"3587\"><strong data-start=\"3469\" data-end=\"3509\">P: \u00bfEl aparato es recargable?<\/strong><br data-start=\"3509\" data-end=\"3512\" \/><strong data-start=\"3512\" data-end=\"3519\">R :<\/strong> S\u00ed, a trav\u00e9s de un cable USB Type-C para una carga r\u00e1pida y c\u00f3moda.<\/p>\n<p data-start=\"3589\" data-end=\"3735\"><strong data-start=\"3589\" data-end=\"3642\">P: \u00bfCu\u00e1les son los niveles de nicotina disponibles?<\/strong><br data-start=\"3642\" data-end=\"3645\" \/><strong data-start=\"3645\" data-end=\"3652\">R :<\/strong> El producto est\u00e1 disponible con 0 %, 2 % o 5 % de nicotina, seg\u00fan sus preferencias.<\/p>\n<hr data-start=\"3737\" data-end=\"3740\" \/>\n<p data-start=\"3742\" data-end=\"3878\">\u26a0\ufe0f <strong data-start=\"3745\" data-end=\"3762\">Anuncio<\/strong> Este producto contiene nicotina, una sustancia adictiva. Reservado exclusivamente a mayores de 18 a\u00f1os.<\/p>","protected":false},"excerpt":{"rendered":"<p data-start=\"250\" data-end=\"402\"><strong>PUFF JNR C\u00e1psula 15000<\/strong>, 20 ml de e-l\u00edquido, pantalla LED, 15000 caladas, recarga USB-C, doble bobina de malla, intensos sabores frutales y experiencia fluida.<\/p>","protected":false},"featured_media":9055,"comment_status":"open","ping_status":"closed","template":"","meta":[],"product_brand":[79],"product_cat":[76],"product_tag":[],"class_list":{"0":"post-8991","1":"product","2":"type-product","3":"status-publish","4":"has-post-thumbnail","6":"product_brand-jnr-vape","7":"product_cat-cigarette-electronique-jetable","9":"first","10":"outofstock","11":"shipping-taxable","12":"purchasable","13":"product-type-variable"},"_links":{"self":[{"href":"https:\/\/smart-vape.store\/es\/wp-json\/wp\/v2\/product\/8991","targetHints":{"allow":["GET"]}}],"collection":[{"href":"https:\/\/smart-vape.store\/es\/wp-json\/wp\/v2\/product"}],"about":[{"href":"https:\/\/smart-vape.store\/es\/wp-json\/wp\/v2\/types\/product"}],"replies":[{"embeddable":true,"href":"https:\/\/smart-vape.store\/es\/wp-json\/wp\/v2\/comments?post=8991"}],"version-history":[{"count":1,"href":"https:\/\/smart-vape.store\/es\/wp-json\/wp\/v2\/product\/8991\/revisions"}],"predecessor-version":[{"id":9059,"href":"https:\/\/smart-vape.store\/es\/wp-json\/wp\/v2\/product\/8991\/revisions\/9059"}],"wp:featuredmedia":[{"embeddable":true,"href":"https:\/\/smart-vape.store\/es\/wp-json\/wp\/v2\/media\/9055"}],"wp:attachment":[{"href":"https:\/\/smart-vape.store\/es\/wp-json\/wp\/v2\/media?parent=8991"}],"wp:term":[{"taxonomy":"product_brand","embeddable":true,"href":"https:\/\/smart-vape.store\/es\/wp-json\/wp\/v2\/product_brand?post=8991"},{"taxonomy":"product_cat","embeddable":true,"href":"https:\/\/smart-vape.store\/es\/wp-json\/wp\/v2\/product_cat?post=8991"},{"taxonomy":"product_tag","embeddable":true,"href":"https:\/\/smart-vape.store\/es\/wp-json\/wp\/v2\/product_tag?post=8991"}],"curies":[{"name":"wp","href":"https:\/\/api.w.org\/{rel}","templated":true}]}}