{"id":8042,"date":"2025-07-04T08:06:54","date_gmt":"2025-07-04T08:06:54","guid":{"rendered":"https:\/\/smart-vape.store\/?page_id=8042"},"modified":"2025-07-04T08:06:54","modified_gmt":"2025-07-04T08:06:54","slug":"faq","status":"publish","type":"page","link":"https:\/\/smart-vape.store\/fr\/faq\/","title":{"rendered":"FAQ"},"content":{"rendered":"<h2 data-start=\"100\" data-end=\"135\"><strong data-start=\"104\" data-end=\"135\">\u00c0 propos des produits et services<\/strong><\/h2>\n<p data-start=\"137\" data-end=\"396\"><strong data-start=\"137\" data-end=\"168\">Quels sont les produits que vous proposez ?<\/strong><br data-start=\"168\" data-end=\"171\" \/><strong data-start=\"171\" data-end=\"191\">smart-vape.store<\/strong> se sp\u00e9cialise dans les e-cigarettes jetables de haute qualit\u00e9 et fournit des services OEM pour les produits de vapotage personnalis\u00e9s. Nous proposons \u00e9galement une vari\u00e9t\u00e9 d'e-liquides et d'accessoires de vapotage de qualit\u00e9 sup\u00e9rieure pour am\u00e9liorer votre exp\u00e9rience de vapotage.<\/p>\n<p data-start=\"398\" data-end=\"621\"><strong data-start=\"398\" data-end=\"433\">Vos produits sont-ils de haute qualit\u00e9 ?<\/strong><br data-start=\"433\" data-end=\"436\" \/>Absolument, absolument. \u00c0 <strong data-start=\"451\" data-end=\"471\">smart-vape.store<\/strong>Nous ne proposons que des produits de marques r\u00e9put\u00e9es pour leur qualit\u00e9 et leurs performances. Tous les articles sont soumis \u00e0 des tests approfondis afin de r\u00e9pondre \u00e0 nos normes \u00e9lev\u00e9es.<\/p>\n<p data-start=\"623\" data-end=\"850\"><strong data-start=\"623\" data-end=\"653\">Offrez-vous des services OEM ?<\/strong><br data-start=\"653\" data-end=\"656\" \/>Oui, <strong data-start=\"661\" data-end=\"681\">smart-vape.store<\/strong> offre des services OEM aux entreprises qui souhaitent cr\u00e9er leurs propres produits de marque pour la vape. Contactez notre \u00e9quipe d'assistance \u00e0 la client\u00e8le pour discuter de vos besoins et exigences sp\u00e9cifiques.<\/p>\n<p data-start=\"852\" data-end=\"1040\"><strong data-start=\"852\" data-end=\"887\">Offrez-vous des options de vente en gros ?<\/strong><br data-start=\"887\" data-end=\"890\" \/>Oui, <strong data-start=\"895\" data-end=\"915\">smart-vape.store<\/strong> propose des options de vente en gros. Pour plus d'informations et pour discuter des prix de gros, veuillez contacter notre \u00e9quipe d'assistance \u00e0 la client\u00e8le.<\/p>\n<hr data-start=\"1042\" data-end=\"1045\" \/>\n<h3 data-start=\"1047\" data-end=\"1068\"><strong data-start=\"1051\" data-end=\"1068\">\u00c0 propos du paiement<\/strong><\/h3>\n<p data-start=\"1070\" data-end=\"1304\"><strong data-start=\"1070\" data-end=\"1109\">Quelles sont les m\u00e9thodes de paiement que vous acceptez ?<\/strong><br data-start=\"1109\" data-end=\"1112\" \/><strong data-start=\"1112\" data-end=\"1132\">smart-vape.store<\/strong> accepte les principales cartes de cr\u00e9dit, PayPal, Stripe, les transferts bancaires, les transferts SEPA\/IBAN et les cryptomonnaies. Toutes les transactions sont trait\u00e9es par des syst\u00e8mes crypt\u00e9s et s\u00e9curis\u00e9s.<\/p>\n<p data-start=\"1306\" data-end=\"1523\"><strong data-start=\"1306\" data-end=\"1343\">Mes informations de paiement sont-elles s\u00e9curis\u00e9es ?<\/strong><br data-start=\"1343\" data-end=\"1346\" \/>Oui, <strong data-start=\"1351\" data-end=\"1371\">smart-vape.store<\/strong> ne stocke pas les informations de paiement des clients. Toutes les transactions de paiement sont trait\u00e9es avec un cryptage de bout en bout afin d'assurer le plus haut niveau de s\u00e9curit\u00e9.<\/p>\n<hr data-start=\"1525\" data-end=\"1528\" \/>\n<h3 data-start=\"1530\" data-end=\"1552\"><strong data-start=\"1534\" data-end=\"1552\">\u00c0 propos de l'exp\u00e9dition<\/strong><\/h3>\n<p data-start=\"1554\" data-end=\"1734\"><strong data-start=\"1554\" data-end=\"1600\">Combien de temps faut-il pour traiter ma commande ?<\/strong><br data-start=\"1600\" data-end=\"1603\" \/>Ordres \u00e0 <strong data-start=\"1613\" data-end=\"1633\">smart-vape.store<\/strong> sont g\u00e9n\u00e9ralement trait\u00e9es dans un d\u00e9lai de 1 \u00e0 3 jours ouvrables. Une fois trait\u00e9es, elles sont exp\u00e9di\u00e9es rapidement.<\/p>\n<p data-start=\"1736\" data-end=\"1869\"><strong data-start=\"1736\" data-end=\"1770\">Quel est le d\u00e9lai d'exp\u00e9dition ?<\/strong><br data-start=\"1770\" data-end=\"1773\" \/>Exp\u00e9dition avec <strong data-start=\"1787\" data-end=\"1807\">smart-vape.store<\/strong> prend g\u00e9n\u00e9ralement de 8 \u00e0 15 jours ouvrables, selon votre lieu de r\u00e9sidence.<\/p>\n<p data-start=\"1871\" data-end=\"2054\"><strong data-start=\"1871\" data-end=\"1909\">Quels sont les transporteurs que vous utilisez ?<\/strong><br data-start=\"1909\" data-end=\"1912\" \/><strong data-start=\"1912\" data-end=\"1932\">smart-vape.store<\/strong> utilise des transporteurs fiables tels que DHL, DPD, UPS, et des services postaux locaux pour assurer une livraison s\u00fbre et rapide de ta commande.<\/p>\n<p data-start=\"2056\" data-end=\"2267\"><strong data-start=\"2056\" data-end=\"2085\">Comment puis-je suivre ma commande ?<\/strong><br data-start=\"2085\" data-end=\"2088\" \/>Une fois votre commande exp\u00e9di\u00e9e, vous recevrez un num\u00e9ro de suivi par e-mail. Vous pouvez utiliser ce num\u00e9ro pour suivre votre commande sur le <strong data-start=\"2213\" data-end=\"2233\">smart-vape.store<\/strong> site web ou le site web du transporteur.<\/p>\n<p data-start=\"2269\" data-end=\"2498\"><strong data-start=\"2269\" data-end=\"2321\">Puis-je annuler ma commande une fois qu'elle a \u00e9t\u00e9 exp\u00e9di\u00e9e ?<\/strong><br data-start=\"2321\" data-end=\"2324\" \/>Malheureusement, une fois que votre commande a \u00e9t\u00e9 exp\u00e9di\u00e9e, elle ne peut pas \u00eatre annul\u00e9e. Veuillez vous assurer que tous les d\u00e9tails de la commande sont corrects avant de finaliser votre achat avec <strong data-start=\"2477\" data-end=\"2497\">smart-vape.store<\/strong>.<\/p>\n<hr data-start=\"2500\" data-end=\"2503\" \/>\n<h3 data-start=\"2505\" data-end=\"2544\"><strong data-start=\"2509\" data-end=\"2544\">Retours et service apr\u00e8s-vente<\/strong><\/h3>\n<p data-start=\"2546\" data-end=\"2808\"><strong data-start=\"2546\" data-end=\"2610\">Que faire si je re\u00e7ois un produit endommag\u00e9 ou si j'ai un probl\u00e8me de qualit\u00e9 ?<\/strong><br data-start=\"2610\" data-end=\"2613\" \/>Si vous rencontrez des probl\u00e8mes de qualit\u00e9 ou si vous recevez un produit endommag\u00e9, veuillez contacter le <strong data-start=\"2698\" data-end=\"2718\">smart-vape.store<\/strong> imm\u00e9diatement \u00e0 l'\u00e9quipe d'assistance client\u00e8le. Nous organiserons un remplacement ou un remboursement si n\u00e9cessaire.<\/p>\n<p data-start=\"2810\" data-end=\"2987\"><strong data-start=\"2810\" data-end=\"2842\">Do you offer any warranties ?<\/strong><br data-start=\"2842\" data-end=\"2845\" \/>Yes, many <strong data-start=\"2855\" data-end=\"2875\">smart-vape.store<\/strong> Les produits sont livr\u00e9s avec une garantie du fabricant. Veuillez consulter les d\u00e9tails du produit pour obtenir des informations sp\u00e9cifiques sur la garantie.<\/p>\n<p data-start=\"2989\" data-end=\"3207\"><strong data-start=\"2989\" data-end=\"3028\">Puis-je retourner ou \u00e9changer un produit ?<\/strong><br data-start=\"3028\" data-end=\"3031\" \/>Oui, <strong data-start=\"3036\" data-end=\"3056\">smart-vape.store<\/strong> a une politique de retour et d'\u00e9change sans souci. Veuillez visiter notre page Politique de retour pour des informations d\u00e9taill\u00e9es sur la fa\u00e7on de retourner ou d'\u00e9changer votre achat.<\/p>\n<hr data-start=\"3209\" data-end=\"3212\" \/>\n<h3 data-start=\"3214\" data-end=\"3238\"><strong data-start=\"3218\" data-end=\"3238\">Assistance \u00e0 la client\u00e8le<\/strong><\/h3>\n<p data-start=\"3240\" data-end=\"3350\"><strong data-start=\"3240\" data-end=\"3278\">Comment contacter l'assistance client\u00e8le ?<\/strong><br data-start=\"3278\" data-end=\"3281\" \/>Vous pouvez contacter le <strong data-start=\"3301\" data-end=\"3321\">smart-vape.store<\/strong> \u00e9quipe d'assistance \u00e0 la client\u00e8le via :<\/p>\n<ul data-start=\"3351\" data-end=\"3448\">\n<li data-start=\"3351\" data-end=\"3387\">\n<p data-start=\"3353\" data-end=\"3387\"><strong data-start=\"3353\" data-end=\"3362\">Email<\/strong>: <a class=\"cursor-pointer\" href=\"mailto:info@smart-vape.store\" rel=\"nofollow\" data-start=\"3364\" data-end=\"3385\">info@smart-vape.store<\/a><\/p>\n<\/li>\n<li data-start=\"3388\" data-end=\"3420\">\n<p data-start=\"3390\" data-end=\"3420\"><strong data-start=\"3390\" data-end=\"3402\">WhatsApp<\/strong>:<a href=\"https:\/\/api.whatsapp.com\/send?phone=85259346722&amp;text=Sales%20Specialist\" rel=\"nofollow noopener\" target=\"_blank\"> +852 5934 6722<\/a><\/p>\n<\/li>\n<li data-start=\"3421\" data-end=\"3448\">\n<p data-start=\"3423\" data-end=\"3448\"><strong data-start=\"3423\" data-end=\"3435\">Telegram<\/strong>:<a href=\"https:\/\/telegram.me\/Vapes808\" rel=\"nofollow noopener\" target=\"_blank\"> ID : @Vapes808<\/a><\/p>\n<\/li>\n<\/ul>\n<p data-start=\"3450\" data-end=\"3527\">Nous sommes disponibles <strong data-start=\"3467\" data-end=\"3526\">Du lundi au vendredi, de 9 AM \u00e0 8 PM heure standard de Chine<\/strong>.<\/p>\n<p data-start=\"3529\" data-end=\"3635\">Si vous avez d'autres questions, n'h\u00e9sitez pas \u00e0 contacter le <strong data-start=\"3592\" data-end=\"3612\">smart-vape.store<\/strong> \u00e9quipe d'assistance \u00e0 la client\u00e8le !<\/p>","protected":false},"excerpt":{"rendered":"<p>About Products and Services What products do you offer?smart-vape.store specializes in high-quality disposable e-cigarettes and provides OEM services for custom vape products. We also offer a variety of premium e-liquids and vape accessories to enhance your vaping experience. Are your products high quality?Absolutely. At smart-vape.store, we only offer products from reputable brands known for their quality and performance. All items&hellip;<\/p>","protected":false},"author":1,"featured_media":0,"parent":0,"menu_order":0,"comment_status":"closed","ping_status":"closed","template":"","meta":{"footnotes":""},"class_list":["post-8042","page","type-page","status-publish","hentry"],"_links":{"self":[{"href":"https:\/\/smart-vape.store\/fr\/wp-json\/wp\/v2\/pages\/8042","targetHints":{"allow":["GET"]}}],"collection":[{"href":"https:\/\/smart-vape.store\/fr\/wp-json\/wp\/v2\/pages"}],"about":[{"href":"https:\/\/smart-vape.store\/fr\/wp-json\/wp\/v2\/types\/page"}],"author":[{"embeddable":true,"href":"https:\/\/smart-vape.store\/fr\/wp-json\/wp\/v2\/users\/1"}],"replies":[{"embeddable":true,"href":"https:\/\/smart-vape.store\/fr\/wp-json\/wp\/v2\/comments?post=8042"}],"version-history":[{"count":3,"href":"https:\/\/smart-vape.store\/fr\/wp-json\/wp\/v2\/pages\/8042\/revisions"}],"predecessor-version":[{"id":8045,"href":"https:\/\/smart-vape.store\/fr\/wp-json\/wp\/v2\/pages\/8042\/revisions\/8045"}],"wp:attachment":[{"href":"https:\/\/smart-vape.store\/fr\/wp-json\/wp\/v2\/media?parent=8042"}],"curies":[{"name":"wp","href":"https:\/\/api.w.org\/{rel}","templated":true}]}}