{"id":7760,"date":"2025-07-04T02:48:33","date_gmt":"2025-07-04T02:48:33","guid":{"rendered":"https:\/\/smart-vape.store\/?post_type=product&#038;p=7760"},"modified":"2025-11-20T07:27:45","modified_gmt":"2025-11-20T07:27:45","slug":"zooy-diamond-15000-puffs","status":"publish","type":"product","link":"https:\/\/smart-vape.store\/fr\/product\/zooy-diamond-15000-puffs\/","title":{"rendered":"ZOOY Diamond 15000 Puffs"},"content":{"rendered":"<p data-start=\"205\" data-end=\"526\">Entrez dans une exp\u00e9rience de vapotage premium avec le <strong data-start=\"252\" data-end=\"280\">ZOOY Diamond 15000 Puffs<\/strong>Un vaporisateur jetable styl\u00e9 qui allie une fonctionnalit\u00e9 de pointe \u00e0 un design distinctif. Avec jusqu'\u00e0 <strong data-start=\"400\" data-end=\"416\">15,000 puffs<\/strong> et un <strong data-start=\"423\" data-end=\"440\">25mL de e-liquide<\/strong> cet appareil est con\u00e7u pour offrir une satisfaction durable \u00e0 chaque puff.<\/p>\n<p data-start=\"528\" data-end=\"836\">Aliment\u00e9 par un <strong data-start=\"541\" data-end=\"572\">batterie rechargeable de 550mAh<\/strong>La ZOOY Diamond garantit des performances fiables, tandis que la <strong data-start=\"631\" data-end=\"655\">technologie de bobine \u00e0 mailles<\/strong> am\u00e9liore l'ar\u00f4me et la sortie de vapeur pour un tirage toujours doux. Disponible en deux versions <strong data-start=\"739\" data-end=\"771\">2% et 5% nicotine strengths<\/strong>Elle s'adapte \u00e0 une grande vari\u00e9t\u00e9 de pr\u00e9f\u00e9rences de l'utilisateur, de la couleur claire \u00e0 la couleur grasse.<\/p>\n<p data-start=\"838\" data-end=\"1180\">Une caract\u00e9ristique incontournable de la ZOOY Diamond est son <strong data-start=\"884\" data-end=\"910\">\u00e9cran intelligent int\u00e9gr\u00e9<\/strong>, log\u00e9 dans un <strong data-start=\"924\" data-end=\"950\">ch\u00e2ssis en forme de diamant<\/strong> qui est aussi fonctionnelle que s\u00e9duisante. Surveille ton compte de bouff\u00e9es, la dur\u00e9e de vie de ta batterie et l'\u00e9tat de ton e-liquide en un coup d'\u0153il. Le site <strong data-start=\"1071\" data-end=\"1095\">lampe de course dynamique<\/strong> ajoute une touche futuriste, rendant ton appareil non seulement puissant mais aussi visuellement engageant.<\/p>\n<p data-start=\"1182\" data-end=\"1379\">Que vous soyez un vapoteur occasionnel ou un passionn\u00e9 \u00e0 la recherche d'une performance fiable avec du flair, le ZOOY Diamond 15000 est votre compagnon id\u00e9al : il allie saveur, forme et fonction en un seul appareil compact.<\/p>\n<hr data-start=\"1381\" data-end=\"1384\" \/>\n<h2 data-start=\"1386\" data-end=\"1426\"><strong data-start=\"1386\" data-end=\"1424\">ZOOY Diamond 15000 Puffs Caract\u00e9ristiques\uff1a<\/strong><\/h2>\n<ul data-start=\"1427\" data-end=\"1697\">\n<li data-start=\"1427\" data-end=\"1450\">\n<p data-start=\"1429\" data-end=\"1450\">Puffs : Jusqu'\u00e0 15,000<\/p>\n<\/li>\n<li data-start=\"1451\" data-end=\"1478\">\n<p data-start=\"1453\" data-end=\"1478\">Capacit\u00e9 de l'e-liquide : 25mL<\/p>\n<\/li>\n<li data-start=\"1479\" data-end=\"1509\">\n<p data-start=\"1481\" data-end=\"1509\">Taux de nicotine : 2% \/ 5%<\/p>\n<\/li>\n<li data-start=\"1510\" data-end=\"1529\">\n<p data-start=\"1512\" data-end=\"1529\">Coil : Coil en maille<\/p>\n<\/li>\n<li data-start=\"1530\" data-end=\"1562\">\n<p data-start=\"1532\" data-end=\"1562\">Batterie : 550mAh rechargeable<\/p>\n<\/li>\n<li data-start=\"1563\" data-end=\"1589\">\n<p data-start=\"1565\" data-end=\"1589\">\u00c9cran intelligent int\u00e9gr\u00e9<\/p>\n<\/li>\n<li data-start=\"1590\" data-end=\"1615\">\n<p data-start=\"1592\" data-end=\"1615\">Design en forme de diamant<\/p>\n<\/li>\n<li data-start=\"1616\" data-end=\"1640\">\n<p data-start=\"1618\" data-end=\"1640\">Lampe de course dynamique<\/p>\n<\/li>\n<li data-start=\"1641\" data-end=\"1665\">\n<p data-start=\"1643\" data-end=\"1665\">Chargement rapide Type-C<\/p>\n<\/li>\n<li data-start=\"1666\" data-end=\"1697\">\n<p data-start=\"1668\" data-end=\"1697\">10 options de saveurs disponibles<\/p>\n<\/li>\n<\/ul>\n<hr data-start=\"1699\" data-end=\"1702\" \/>\n<h2 data-start=\"1704\" data-end=\"1747\"><strong data-start=\"1704\" data-end=\"1745\">ZOOY Diamond 15000 Puffs Flavor List\uff1a<\/strong><\/h2>\n<ol data-start=\"1748\" data-end=\"1973\">\n<li data-start=\"1748\" data-end=\"1767\">\n<p data-start=\"1751\" data-end=\"1767\">Glace \u00e0 la past\u00e8que<\/p>\n<\/li>\n<li data-start=\"1768\" data-end=\"1794\">\n<p data-start=\"1771\" data-end=\"1794\">Past\u00e8que \u00e0 la fraise<\/p>\n<\/li>\n<li data-start=\"1795\" data-end=\"1820\">\n<p data-start=\"1798\" data-end=\"1820\">Blue Raspberry Lemon<\/p>\n<\/li>\n<li data-start=\"1821\" data-end=\"1841\">\n<p data-start=\"1824\" data-end=\"1841\">Kiwi \u00e0 la fraise<\/p>\n<\/li>\n<li data-start=\"1842\" data-end=\"1860\">\n<p data-start=\"1845\" data-end=\"1860\">Glace aux myrtilles<\/p>\n<\/li>\n<li data-start=\"1861\" data-end=\"1879\">\n<p data-start=\"1864\" data-end=\"1879\">M\u00e9lange de baies<\/p>\n<\/li>\n<li data-start=\"1880\" data-end=\"1912\">\n<p data-start=\"1883\" data-end=\"1912\">Zooy Dream (glace \u00e0 la fraise)<\/p>\n<\/li>\n<li data-start=\"1913\" data-end=\"1927\">\n<p data-start=\"1916\" data-end=\"1927\">Glace \u00e0 la p\u00eache<\/p>\n<\/li>\n<li data-start=\"1928\" data-end=\"1957\">\n<p data-start=\"1931\" data-end=\"1957\">Kiwi Passion Fruit Goyave<\/p>\n<\/li>\n<li data-start=\"1958\" data-end=\"1973\">\n<p data-start=\"1962\" data-end=\"1973\">Glace au raisin<\/p>\n<\/li>\n<\/ol>\n<hr data-start=\"1975\" data-end=\"1978\" \/>\n<h2>\ud83d\uded1 <strong data-start=\"1983\" data-end=\"2003\">Mentions l\u00e9gales<\/strong><\/h2>\n<p><br data-start=\"2003\" data-end=\"2006\" \/>\ud83d\udd1e Produit strictement r\u00e9serv\u00e9 aux adultes de 21 ans et plus.<br data-start=\"2072\" data-end=\"2075\" \/>\u274c Ne pas vendre ou utiliser par des mineurs.<br data-start=\"2107\" data-end=\"2110\" \/>\u26a0\ufe0f Contains nicotine. La nicotine est une substance addictive.<\/p>","protected":false},"excerpt":{"rendered":"<p><strong>ZOOY Diamond 15000 Puffs<\/strong> pr\u00e9sente une bobine \u00e0 mailles, un affichage intelligent, une capacit\u00e9 de 25mL et un design \u00e9l\u00e9gant, offrant des performances de vapotage lisses et durables.<\/p>","protected":false},"featured_media":7785,"comment_status":"open","ping_status":"closed","template":"","meta":[],"product_brand":[77],"product_cat":[76],"product_tag":[],"class_list":{"0":"post-7760","1":"product","2":"type-product","3":"status-publish","4":"has-post-thumbnail","6":"product_brand-zooy-vape","7":"product_cat-cigarette-electronique-jetable","9":"first","10":"outofstock","11":"shipping-taxable","12":"purchasable","13":"product-type-variable"},"_links":{"self":[{"href":"https:\/\/smart-vape.store\/fr\/wp-json\/wp\/v2\/product\/7760","targetHints":{"allow":["GET"]}}],"collection":[{"href":"https:\/\/smart-vape.store\/fr\/wp-json\/wp\/v2\/product"}],"about":[{"href":"https:\/\/smart-vape.store\/fr\/wp-json\/wp\/v2\/types\/product"}],"replies":[{"embeddable":true,"href":"https:\/\/smart-vape.store\/fr\/wp-json\/wp\/v2\/comments?post=7760"}],"version-history":[{"count":1,"href":"https:\/\/smart-vape.store\/fr\/wp-json\/wp\/v2\/product\/7760\/revisions"}],"predecessor-version":[{"id":7787,"href":"https:\/\/smart-vape.store\/fr\/wp-json\/wp\/v2\/product\/7760\/revisions\/7787"}],"wp:featuredmedia":[{"embeddable":true,"href":"https:\/\/smart-vape.store\/fr\/wp-json\/wp\/v2\/media\/7785"}],"wp:attachment":[{"href":"https:\/\/smart-vape.store\/fr\/wp-json\/wp\/v2\/media?parent=7760"}],"wp:term":[{"taxonomy":"product_brand","embeddable":true,"href":"https:\/\/smart-vape.store\/fr\/wp-json\/wp\/v2\/product_brand?post=7760"},{"taxonomy":"product_cat","embeddable":true,"href":"https:\/\/smart-vape.store\/fr\/wp-json\/wp\/v2\/product_cat?post=7760"},{"taxonomy":"product_tag","embeddable":true,"href":"https:\/\/smart-vape.store\/fr\/wp-json\/wp\/v2\/product_tag?post=7760"}],"curies":[{"name":"wp","href":"https:\/\/api.w.org\/{rel}","templated":true}]}}