{"id":8706,"date":"2025-07-19T06:21:51","date_gmt":"2025-07-19T06:21:51","guid":{"rendered":"https:\/\/smart-vape.store\/?post_type=product&#038;p=8706"},"modified":"2025-11-22T07:51:20","modified_gmt":"2025-11-22T07:51:20","slug":"reservoir-jnr-10000-puff","status":"publish","type":"product","link":"https:\/\/smart-vape.store\/fr\/product\/reservoir-jnr-10000-puff\/","title":{"rendered":"JNR R\u00e9servoir 10000 Puff"},"content":{"rendered":"<h2 data-start=\"234\" data-end=\"297\"><strong data-start=\"238\" data-end=\"297\">JNR Tank 10000 Puff-Kiwi Passion Goyave Aper\u00e7u du produit<\/strong><\/h2>\n<p data-start=\"299\" data-end=\"658\">Le site <strong data-start=\"303\" data-end=\"326\">JNR R\u00e9servoir 10000 Puff<\/strong> combine portabilit\u00e9 compacte et performances \u00e0 haut volume. Il est \u00e9quip\u00e9 d'un <strong data-start=\"408\" data-end=\"439\">batterie rechargeable de 650mAh<\/strong>, a <strong data-start=\"443\" data-end=\"470\">r\u00e9servoir d'e-liquide de 20ml<\/strong>, et un <strong data-start=\"478\" data-end=\"496\">bobine \u00e0 double maille<\/strong> pour une vapeur plus douce et plus parfum\u00e9e. Con\u00e7u pour la commodit\u00e9 et la long\u00e9vit\u00e9, il fournit jusqu'\u00e0 <strong data-start=\"591\" data-end=\"607\">10,000 puffs<\/strong> avec un rendement constant et une restitution satisfaisante des ar\u00f4mes.<\/p>\n<p data-start=\"660\" data-end=\"939\">Its <strong data-start=\"664\" data-end=\"690\">\u00e9cran d'affichage num\u00e9rique<\/strong> te tient au courant de <strong data-start=\"713\" data-end=\"748\">dur\u00e9e de vie de la batterie et niveau de e-liquide<\/strong>tandis que le <strong data-start=\"760\" data-end=\"792\">syst\u00e8me de tir activ\u00e9 par tirage<\/strong> supprime tous les boutons pour une exp\u00e9rience sans faille. Avec <strong data-start=\"845\" data-end=\"869\">2% force de nicotine<\/strong>Il est id\u00e9al pour les utilisateurs mod\u00e9r\u00e9s \u00e0 la recherche \u00e0 la fois de saveur et de fonctionnalit\u00e9.<\/p>\n<hr data-start=\"941\" data-end=\"944\" \/>\n<h2 data-start=\"946\" data-end=\"992\"><strong data-start=\"950\" data-end=\"992\">JNR Tank 10000 Puff Flavor description<\/strong><\/h2>\n<p data-start=\"994\" data-end=\"1388\"><strong data-start=\"994\" data-end=\"1016\">Kiwi Passion Goyave<\/strong> est un m\u00e9lange vif et tangent qui r\u00e9unit le bord zeste du <strong data-start=\"1082\" data-end=\"1090\">kiwi<\/strong>, la douce luminosit\u00e9 aromatique de <strong data-start=\"1125\" data-end=\"1142\">passion fruit<\/strong>, et la profondeur tropicale lisse de <strong data-start=\"1177\" data-end=\"1186\">goyave<\/strong>. Ce trio cr\u00e9e une haleine vibrante avec des notes sup\u00e9rieures vives et citronn\u00e9es et une finale moelleuse et arrondie. Il est juicy, tropical, et strictement con\u00e7u pour les vapoteurs qui appr\u00e9cient la complexit\u00e9 des profils \u00e0 base de fruits.<\/p>\n<hr data-start=\"1390\" data-end=\"1393\" \/>\n<h2 data-start=\"1395\" data-end=\"1441\"><strong data-start=\"1399\" data-end=\"1441\">JNR Tank 10000 Puff Utilisation et exp\u00e9rience<\/strong><\/h2>\n<p data-start=\"1443\" data-end=\"1754\">Con\u00e7u pour la portabilit\u00e9 sans compromis sur les performances, le <strong data-start=\"1505\" data-end=\"1528\">JNR R\u00e9servoir 10000 Puff<\/strong> est id\u00e9al pour vaper sur le pouce. Son site <strong data-start=\"1564\" data-end=\"1589\">syst\u00e8me de bobine \u00e0 double maille<\/strong> assure un chauffage homog\u00e8ne et un go\u00fbt constant du premier au dernier tirage, tandis que la <strong data-start=\"1676\" data-end=\"1695\">affichage num\u00e9rique<\/strong> \u00e9limine le travail inutile en vous tenant au courant de votre utilisation.<\/p>\n<p data-start=\"1756\" data-end=\"1935\">Que tu aies besoin d'un coup de pouce pour l'apr\u00e8s-midi ou que tu sois un compagnon tropical de tous les jours, <strong data-start=\"1829\" data-end=\"1851\">Kiwi Passion Goyave<\/strong> offre une vape satisfaisante et bien \u00e9quilibr\u00e9e, \u00e0 la fois rafra\u00eechissante et douce, vive et facile.<\/p>\n<hr data-start=\"1937\" data-end=\"1940\" \/>\n<h2 data-start=\"1942\" data-end=\"1973\"><strong data-start=\"1946\" data-end=\"1973\">JNR Tank 10000 Puff FAQ<\/strong><\/h2>\n<p data-start=\"1975\" data-end=\"2099\"><strong data-start=\"1975\" data-end=\"2009\">Q : Le go\u00fbt est-il trop prononc\u00e9 ?<\/strong><br data-start=\"2009\" data-end=\"2012\" \/><strong data-start=\"2012\" data-end=\"2018\">A :<\/strong> Non, c'est <strong data-start=\"2028\" data-end=\"2045\">well-balanced<\/strong>Le vin est frais et tannique, avec une base douce et fruit\u00e9e.<\/p>\n<p data-start=\"2101\" data-end=\"2219\"><strong data-start=\"2101\" data-end=\"2136\">Q : La batterie est-elle rechargeable ?<\/strong><br data-start=\"2136\" data-end=\"2139\" \/><strong data-start=\"2139\" data-end=\"2145\">A :<\/strong> Oui, il comporte un <strong data-start=\"2165\" data-end=\"2188\">port de charge USB-C<\/strong> pour un rechargement rapide et fiable.<\/p>\n<p data-start=\"2221\" data-end=\"2397\"><strong data-start=\"2221\" data-end=\"2273\">Q : Comment puis-je v\u00e9rifier le niveau de la batterie ou du e-liquide ?<\/strong><br data-start=\"2273\" data-end=\"2276\" \/><strong data-start=\"2276\" data-end=\"2282\">A :<\/strong> Le dispositif comprend un <strong data-start=\"2305\" data-end=\"2323\">\u00e9cran num\u00e9rique<\/strong> qui affiche \u00e0 la fois <strong data-start=\"2343\" data-end=\"2359\">dur\u00e9e de vie de la batterie<\/strong> et <strong data-start=\"2364\" data-end=\"2383\">statut e-liquide<\/strong> en temps r\u00e9el.<\/p>\n<p data-start=\"2399\" data-end=\"2508\"><strong data-start=\"2399\" data-end=\"2438\">Q : Y a-t-il des boutons pour le faire fonctionner ?<\/strong><br data-start=\"2438\" data-end=\"2441\" \/><strong data-start=\"2441\" data-end=\"2447\">A :<\/strong> Non, il utilise un <strong data-start=\"2462\" data-end=\"2487\">syst\u00e8me draw-activated<\/strong>-just inhaler pour vaper.<\/p>\n<p data-start=\"2510\" data-end=\"2613\"><strong data-start=\"2510\" data-end=\"2555\">Q : Quelles sont les forces de la nicotine disponibles ?<\/strong><br data-start=\"2555\" data-end=\"2558\" \/><strong data-start=\"2558\" data-end=\"2564\">A :<\/strong> Ce mod\u00e8le est disponible en <strong data-start=\"2592\" data-end=\"2612\">2% sel de nicotine<\/strong>.<\/p>\n<hr data-start=\"2615\" data-end=\"2618\" \/>\n<p data-start=\"2620\" data-end=\"2751\">\u26a0\ufe0f <strong data-start=\"2623\" data-end=\"2634\">Avertissement<\/strong>Ce produit contient de la nicotine. La nicotine est une substance addictive. Destin\u00e9 aux utilisateurs adultes \u00e2g\u00e9s de 18 ans et plus uniquement.<\/p>","protected":false},"excerpt":{"rendered":"<p><strong>JNR R\u00e9servoir 10000 Puff<\/strong> associe myrtille, citron et past\u00e8que avec \u00e9cran digital et double mesh, pour une exp\u00e9rience fruit\u00e9e, fra\u00eeche et \u00e9quilibr\u00e9e.<\/p>","protected":false},"featured_media":8728,"comment_status":"open","ping_status":"closed","template":"","meta":[],"product_brand":[79],"product_cat":[76],"product_tag":[],"class_list":{"0":"post-8706","1":"product","2":"type-product","3":"status-publish","4":"has-post-thumbnail","6":"product_brand-jnr-vape","7":"product_cat-cigarette-electronique-jetable","9":"first","10":"outofstock","11":"shipping-taxable","12":"purchasable","13":"product-type-variable"},"_links":{"self":[{"href":"https:\/\/smart-vape.store\/fr\/wp-json\/wp\/v2\/product\/8706","targetHints":{"allow":["GET"]}}],"collection":[{"href":"https:\/\/smart-vape.store\/fr\/wp-json\/wp\/v2\/product"}],"about":[{"href":"https:\/\/smart-vape.store\/fr\/wp-json\/wp\/v2\/types\/product"}],"replies":[{"embeddable":true,"href":"https:\/\/smart-vape.store\/fr\/wp-json\/wp\/v2\/comments?post=8706"}],"version-history":[{"count":1,"href":"https:\/\/smart-vape.store\/fr\/wp-json\/wp\/v2\/product\/8706\/revisions"}],"predecessor-version":[{"id":8731,"href":"https:\/\/smart-vape.store\/fr\/wp-json\/wp\/v2\/product\/8706\/revisions\/8731"}],"wp:featuredmedia":[{"embeddable":true,"href":"https:\/\/smart-vape.store\/fr\/wp-json\/wp\/v2\/media\/8728"}],"wp:attachment":[{"href":"https:\/\/smart-vape.store\/fr\/wp-json\/wp\/v2\/media?parent=8706"}],"wp:term":[{"taxonomy":"product_brand","embeddable":true,"href":"https:\/\/smart-vape.store\/fr\/wp-json\/wp\/v2\/product_brand?post=8706"},{"taxonomy":"product_cat","embeddable":true,"href":"https:\/\/smart-vape.store\/fr\/wp-json\/wp\/v2\/product_cat?post=8706"},{"taxonomy":"product_tag","embeddable":true,"href":"https:\/\/smart-vape.store\/fr\/wp-json\/wp\/v2\/product_tag?post=8706"}],"curies":[{"name":"wp","href":"https:\/\/api.w.org\/{rel}","templated":true}]}}