{"id":8732,"date":"2025-07-18T07:48:52","date_gmt":"2025-07-18T07:48:52","guid":{"rendered":"https:\/\/smart-vape.store\/?post_type=product&#038;p=8732"},"modified":"2025-11-22T07:51:30","modified_gmt":"2025-11-22T07:51:30","slug":"jnr-gold380-6000-puff","status":"publish","type":"product","link":"https:\/\/smart-vape.store\/fr\/product\/jnr-gold380-6000-puff\/","title":{"rendered":"JNR GOLD380 6000 Puff"},"content":{"rendered":"<h2 data-start=\"271\" data-end=\"344\"><strong data-start=\"275\" data-end=\"342\">JNR GOLD380 6000 Puff-Kiwi Passion Fruit Goyave Aper\u00e7u du produit<\/strong><\/h2>\n<p data-start=\"345\" data-end=\"643\">Le site <strong data-start=\"349\" data-end=\"374\">JNR GOLD380 6000 Puff<\/strong> offre des performances haut de gamme dans un design compact et \u00e9l\u00e9gant. Avec une g\u00e9n\u00e9reuse <strong data-start=\"450\" data-end=\"488\">r\u00e9servoir e-liquide pr\u00e9-rempli de 13ml<\/strong>, un puissant <strong data-start=\"501\" data-end=\"530\">batterie int\u00e9gr\u00e9e de 1,500mAh<\/strong>, et un <strong data-start=\"538\" data-end=\"556\">1.0\u03a9 bobine de maille<\/strong>Ce dispositif offre jusqu'\u00e0 <strong data-start=\"583\" data-end=\"616\">6,000 puffs lisses et savoureux<\/strong> avec aucune charge n\u00e9cessaire.<\/p>\n<p data-start=\"645\" data-end=\"962\">Con\u00e7u pour <strong data-start=\"658\" data-end=\"680\">simplicit\u00e9 maximale<\/strong>il utilise un <strong data-start=\"692\" data-end=\"724\">syst\u00e8me de tir activ\u00e9 par tirage<\/strong>\u00e9limine le besoin de boutons ou de configuration. Disponible en <strong data-start=\"782\" data-end=\"819\">0%, 2%, et 5% nicotine strengths<\/strong>Il a \u00e9t\u00e9 con\u00e7u pour satisfaire un large \u00e9ventail de pr\u00e9f\u00e9rences de vapotage. Cette vape jetable est id\u00e9ale pour les utilisateurs qui appr\u00e9cient \u00e0 la fois <strong data-start=\"936\" data-end=\"961\">style et commodit\u00e9<\/strong>.<\/p>\n<hr data-start=\"964\" data-end=\"967\" \/>\n<h2 data-start=\"969\" data-end=\"1019\"><strong data-start=\"973\" data-end=\"1017\">JNR GOLD380 6000 Puff description de l'ar\u00f4me<\/strong><\/h2>\n<p data-start=\"1020\" data-end=\"1392\"><strong data-start=\"1020\" data-end=\"1048\">Kiwi Passion Fruit Goyave<\/strong> d\u00e9livre un trio de saveurs lumineuses et tropicales. Le <strong data-start=\"1098\" data-end=\"1106\">kiwi<\/strong> apporte une morsure croquante et tangible qui r\u00e9veille le palais, suivie de la <strong data-start=\"1175\" data-end=\"1214\">douce profondeur florale de fruits de la passion<\/strong>et a termin\u00e9 avec le <strong data-start=\"1238\" data-end=\"1268\">onctuosit\u00e9 cr\u00e9meuse de la goyave<\/strong>. Ensemble, ils cr\u00e9ent une vapeur dynamique, l\u00e9g\u00e8rement tartr\u00e9e, avec une fin de bouche douce et tropicale, \u00e9quilibr\u00e9e, jubilatoire et infiniment rafra\u00eechissante.<\/p>\n<hr data-start=\"1394\" data-end=\"1397\" \/>\n<h2 data-start=\"1399\" data-end=\"1449\"><strong data-start=\"1403\" data-end=\"1447\">JNR GOLD380 6000 Puff Utilisation et exp\u00e9rience<\/strong><\/h2>\n<p data-start=\"1450\" data-end=\"1732\">Parfait pour un usage quotidien ou comme compagnon de vacances, le <strong data-start=\"1507\" data-end=\"1532\">JNR GOLD380 6000 Puff<\/strong> est pr\u00eat d\u00e8s que vous \u00eates - pas de chargement, pas de remplissage, pas de pied. Le site <strong data-start=\"1593\" data-end=\"1606\">bobine de maille<\/strong> assure une vaporisation et une consistance des ar\u00f4mes r\u00e9guli\u00e8res, tandis que la <strong data-start=\"1667\" data-end=\"1691\">batterie longue dur\u00e9e<\/strong> offre une utilisation \u00e9tendue avec un poids minimal.<\/p>\n<p data-start=\"1734\" data-end=\"2029\">Si vous appr\u00e9ciez les profils fruit\u00e9s en couches avec un caract\u00e8re tropical naturel, <strong data-start=\"1807\" data-end=\"1835\">Kiwi Passion Fruit Goyave<\/strong> offre une exp\u00e9rience douce et sophistiqu\u00e9e qui se d\u00e9marque des saveurs typiques d'une seule note. Sa douceur raffin\u00e9e et ses notes de t\u00eate zest\u00e9es en font un vin id\u00e9al pour les nouveaux utilisateurs comme pour les amateurs de fruits confirm\u00e9s.<\/p>\n<hr data-start=\"2031\" data-end=\"2034\" \/>\n<h2 data-start=\"2036\" data-end=\"2069\"><strong data-start=\"2040\" data-end=\"2069\">JNR GOLD380 6000 Puff FAQ<\/strong><\/h2>\n<p data-start=\"2071\" data-end=\"2235\"><strong data-start=\"2071\" data-end=\"2120\">Q : Le go\u00fbt est-il tr\u00e8s fort ou trop puissant ?<\/strong><br data-start=\"2120\" data-end=\"2123\" \/><strong data-start=\"2123\" data-end=\"2129\">A :<\/strong> Non, le go\u00fbt est <strong data-start=\"2148\" data-end=\"2172\">\u00e9quilibr\u00e9 et nuanc\u00e9<\/strong>Le vin est un m\u00e9lange de tarte et de notes douces pour un profil tropical doux.<\/p>\n<p data-start=\"2237\" data-end=\"2375\"><strong data-start=\"2237\" data-end=\"2272\">Q : La batterie est-elle rechargeable ?<\/strong><br data-start=\"2272\" data-end=\"2275\" \/><strong data-start=\"2275\" data-end=\"2281\">A :<\/strong> Non, le dispositif est <strong data-start=\"2300\" data-end=\"2336\">pr\u00e9-charg\u00e9 et non-chargeable<\/strong>, con\u00e7u pour <strong data-start=\"2351\" data-end=\"2374\">commodit\u00e9 maximale<\/strong>.<\/p>\n<p data-start=\"2377\" data-end=\"2519\"><strong data-start=\"2377\" data-end=\"2413\">Q : Comment puis-je activer l'appareil ?<\/strong><br data-start=\"2413\" data-end=\"2416\" \/><strong data-start=\"2416\" data-end=\"2422\">A :<\/strong> Le dispositif est <strong data-start=\"2437\" data-end=\"2455\">draw-activated<\/strong>-Inhalez simplement pour commencer \u00e0 vaper. Pas besoin de boutons ou de r\u00e9glages.<\/p>\n<p data-start=\"2521\" data-end=\"2630\"><strong data-start=\"2521\" data-end=\"2566\">Q : Quelles sont les forces de la nicotine disponibles ?<\/strong><br data-start=\"2566\" data-end=\"2569\" \/><strong data-start=\"2569\" data-end=\"2575\">A :<\/strong> Disponible en <strong data-start=\"2589\" data-end=\"2621\">0%, 2%, et 5% sel de nicotine<\/strong> options.<\/p>\n<p data-start=\"2632\" data-end=\"2752\"><strong data-start=\"2632\" data-end=\"2683\">Q : Combien de bouff\u00e9es puis-je attendre d'un seul appareil ?<\/strong><br data-start=\"2683\" data-end=\"2686\" \/><strong data-start=\"2686\" data-end=\"2692\">A :<\/strong> Approximativement <strong data-start=\"2707\" data-end=\"2722\">6,000 puffs<\/strong>selon le comportement d'utilisation.<\/p>\n<hr data-start=\"2754\" data-end=\"2757\" \/>\n<p data-start=\"2759\" data-end=\"2881\">\u26a0\ufe0f <strong data-start=\"2762\" data-end=\"2773\">Avertissement<\/strong>Ce produit contient de la nicotine. La nicotine est une substance addictive. Pour les utilisateurs adultes \u00e2g\u00e9s de 18 ans et plus uniquement.<\/p>","protected":false},"excerpt":{"rendered":"<p><strong>JNR GOLD380 6000 Puff<\/strong> allie design compact, batterie int\u00e9gr\u00e9e et mesh coil pour une exp\u00e9rience fluide, sans recharge ni r\u00e9glage.<\/p>","protected":false},"featured_media":8777,"comment_status":"open","ping_status":"closed","template":"","meta":[],"product_brand":[79],"product_cat":[76],"product_tag":[],"class_list":{"0":"post-8732","1":"product","2":"type-product","3":"status-publish","4":"has-post-thumbnail","6":"product_brand-jnr-vape","7":"product_cat-cigarette-electronique-jetable","9":"first","10":"outofstock","11":"shipping-taxable","12":"purchasable","13":"product-type-variable"},"_links":{"self":[{"href":"https:\/\/smart-vape.store\/fr\/wp-json\/wp\/v2\/product\/8732","targetHints":{"allow":["GET"]}}],"collection":[{"href":"https:\/\/smart-vape.store\/fr\/wp-json\/wp\/v2\/product"}],"about":[{"href":"https:\/\/smart-vape.store\/fr\/wp-json\/wp\/v2\/types\/product"}],"replies":[{"embeddable":true,"href":"https:\/\/smart-vape.store\/fr\/wp-json\/wp\/v2\/comments?post=8732"}],"version-history":[{"count":1,"href":"https:\/\/smart-vape.store\/fr\/wp-json\/wp\/v2\/product\/8732\/revisions"}],"predecessor-version":[{"id":8779,"href":"https:\/\/smart-vape.store\/fr\/wp-json\/wp\/v2\/product\/8732\/revisions\/8779"}],"wp:featuredmedia":[{"embeddable":true,"href":"https:\/\/smart-vape.store\/fr\/wp-json\/wp\/v2\/media\/8777"}],"wp:attachment":[{"href":"https:\/\/smart-vape.store\/fr\/wp-json\/wp\/v2\/media?parent=8732"}],"wp:term":[{"taxonomy":"product_brand","embeddable":true,"href":"https:\/\/smart-vape.store\/fr\/wp-json\/wp\/v2\/product_brand?post=8732"},{"taxonomy":"product_cat","embeddable":true,"href":"https:\/\/smart-vape.store\/fr\/wp-json\/wp\/v2\/product_cat?post=8732"},{"taxonomy":"product_tag","embeddable":true,"href":"https:\/\/smart-vape.store\/fr\/wp-json\/wp\/v2\/product_tag?post=8732"}],"curies":[{"name":"wp","href":"https:\/\/api.w.org\/{rel}","templated":true}]}}