{"id":8991,"date":"2025-07-22T06:34:22","date_gmt":"2025-07-22T06:34:22","guid":{"rendered":"https:\/\/smart-vape.store\/?post_type=product&#038;p=8991"},"modified":"2025-11-22T07:49:15","modified_gmt":"2025-11-22T07:49:15","slug":"puff-jnr-capsule-15000","status":"publish","type":"product","link":"https:\/\/smart-vape.store\/fr\/product\/puff-jnr-capsule-15000\/","title":{"rendered":"PUFF JNR Capsule 15000"},"content":{"rendered":"<h2 data-start=\"415\" data-end=\"475\"><strong data-start=\"419\" data-end=\"475\">Pr\u00e9sentation du produit PUFF JNR Capsule 15000 Puffs<\/strong><\/h2>\n<p data-start=\"477\" data-end=\"897\">La <strong>PUFF JNR Capsule 15000<\/strong> est une cigarette \u00e9lectronique jetable haut de gamme, con\u00e7ue pour offrir une exp\u00e9rience de vape durable, \u00e9l\u00e9gante et intuitive. Dot\u00e9e d'une <strong data-start=\"643\" data-end=\"679\">batterie rechargeable de 850 mAh<\/strong>, d'un <strong data-start=\"686\" data-end=\"721\">r\u00e9servoir de 20 ml de e-liquide<\/strong>, et d'une technologie <strong data-start=\"744\" data-end=\"762\">Bobine Dual Mesh<\/strong>, elle garantit une <strong data-start=\"782\" data-end=\"812\">production de vapeur riche<\/strong>, une <strong data-start=\"818\" data-end=\"851\">restitution fid\u00e8le des ar\u00f4mes<\/strong>, et <strong data-start=\"856\" data-end=\"883\">jusqu'\u00e0 15 000 bouff\u00e9es<\/strong> par appareil.<\/p>\n<p data-start=\"899\" data-end=\"1309\">Son <strong data-start=\"903\" data-end=\"928\">\u00e9cran LED intelligent<\/strong> affiche en temps r\u00e9el le <strong data-start=\"954\" data-end=\"976\">niveau de batterie<\/strong> et la <strong data-start=\"983\" data-end=\"1017\">quantit\u00e9 d'e-liquide restante<\/strong>permettant une gestion pr\u00e9cise et sans surprise. L'activation se fait simplement par <strong data-start=\"1104\" data-end=\"1130\">inhalation automatique<\/strong>sans bouton, pour une utilisation fluide et intuitive. Son design compact et tendance, disponible en plusieurs couleurs, en fait un compagnon de vape aussi styl\u00e9 que performant.<\/p>\n<ul data-start=\"1311\" data-end=\"1738\">\n<li data-start=\"1311\" data-end=\"1362\">\n<p data-start=\"1313\" data-end=\"1362\"><strong data-start=\"1313\" data-end=\"1343\">Nombre maximal de bouff\u00e9es<\/strong> : jusqu'\u00e0 15 000<\/p>\n<\/li>\n<li data-start=\"1363\" data-end=\"1400\">\n<p data-start=\"1365\" data-end=\"1400\"><strong data-start=\"1365\" data-end=\"1390\">Capacit\u00e9 de e-liquide<\/strong> : 20 ml<\/p>\n<\/li>\n<li data-start=\"1401\" data-end=\"1442\">\n<p data-start=\"1403\" data-end=\"1442\"><strong data-start=\"1403\" data-end=\"1415\">Batterie<\/strong> : 850 mAh (rechargeable)<\/p>\n<\/li>\n<li data-start=\"1443\" data-end=\"1472\">\n<p data-start=\"1445\" data-end=\"1472\"><strong data-start=\"1445\" data-end=\"1457\">Recharge<\/strong> : USB Type-C<\/p>\n<\/li>\n<li data-start=\"1473\" data-end=\"1508\">\n<p data-start=\"1475\" data-end=\"1508\"><strong data-start=\"1475\" data-end=\"1489\">R\u00e9sistance<\/strong> : Dual Mesh Coil<\/p>\n<\/li>\n<li data-start=\"1509\" data-end=\"1575\">\n<p data-start=\"1511\" data-end=\"1575\"><strong data-start=\"1511\" data-end=\"1520\">\u00c9cran<\/strong> : LED intelligente (niveau de batterie et de liquide)<\/p>\n<\/li>\n<li data-start=\"1576\" data-end=\"1625\">\n<p data-start=\"1578\" data-end=\"1625\"><strong data-start=\"1578\" data-end=\"1590\">Nicotine<\/strong> : Disponible en 0 %, 2 %, et 5 %<\/p>\n<\/li>\n<li data-start=\"1626\" data-end=\"1671\">\n<p data-start=\"1628\" data-end=\"1671\"><strong data-start=\"1628\" data-end=\"1642\">Activation<\/strong> : Inhalation (sans bouton)<\/p>\n<\/li>\n<li data-start=\"1672\" data-end=\"1738\">\n<p data-start=\"1674\" data-end=\"1738\"><strong data-start=\"1674\" data-end=\"1684\">Design<\/strong> : Compact, moderne, disponible en plusieurs coloris<\/p>\n<\/li>\n<\/ul>\n<hr data-start=\"1740\" data-end=\"1743\" \/>\n<h2 data-start=\"1745\" data-end=\"1807\"><strong data-start=\"1749\" data-end=\"1807\">PUFF JNR Capsule 15000 Puffs - Description des saveurs<\/strong><\/h2>\n<p data-start=\"1809\" data-end=\"2097\">Un large \u00e9ventail de saveurs fruit\u00e9es, fra\u00eeches et sucr\u00e9es vous attend pour une exp\u00e9rience personnalis\u00e9e \u00e0 chaque bouff\u00e9e. Que vous soyez amateur de fruits rouges, de menthe glac\u00e9e ou de m\u00e9langes tropicaux, la Capsule 15000 propose une palette aromatique pour satisfaire tous les palais :<\/p>\n<ul data-start=\"2099\" data-end=\"2639\">\n<li data-start=\"2099\" data-end=\"2639\">\n<p data-start=\"2101\" data-end=\"2128\"><strong data-start=\"2101\" data-end=\"2124\">Saveurs disponibles<\/strong> :<\/p>\n<ul data-start=\"2131\" data-end=\"2639\">\n<li data-start=\"2131\" data-end=\"2173\">\n<p data-start=\"2133\" data-end=\"2173\">Saveurs al\u00e9atoires (exp\u00e9dition rapide)<\/p>\n<\/li>\n<li data-start=\"2176\" data-end=\"2194\">\n<p data-start=\"2178\" data-end=\"2194\">Blueberry Kiwi<\/p>\n<\/li>\n<li data-start=\"2197\" data-end=\"2211\">\n<p data-start=\"2199\" data-end=\"2211\">Banana Ice<\/p>\n<\/li>\n<li data-start=\"2214\" data-end=\"2231\">\n<p data-start=\"2216\" data-end=\"2231\">Blue Razz Ice<\/p>\n<\/li>\n<li data-start=\"2234\" data-end=\"2246\">\n<p data-start=\"2236\" data-end=\"2246\">Skittles<\/p>\n<\/li>\n<li data-start=\"2249\" data-end=\"2267\">\n<p data-start=\"2251\" data-end=\"2267\">Glace \u00e0 la fraise<\/p>\n<\/li>\n<li data-start=\"2270\" data-end=\"2289\">\n<p data-start=\"2272\" data-end=\"2289\">Kiwi \u00e0 la fraise<\/p>\n<\/li>\n<li data-start=\"2292\" data-end=\"2308\">\n<p data-start=\"2294\" data-end=\"2308\">Cherry Berry<\/p>\n<\/li>\n<li data-start=\"2311\" data-end=\"2324\">\n<p data-start=\"2313\" data-end=\"2324\">Cool Mint<\/p>\n<\/li>\n<li data-start=\"2327\" data-end=\"2350\">\n<p data-start=\"2329\" data-end=\"2350\">Juicy Grape Berries<\/p>\n<\/li>\n<li data-start=\"2353\" data-end=\"2365\">\n<p data-start=\"2355\" data-end=\"2365\">Mr. Blue<\/p>\n<\/li>\n<li data-start=\"2368\" data-end=\"2392\">\n<p data-start=\"2370\" data-end=\"2392\">Blueberry Bubble Gum<\/p>\n<\/li>\n<li data-start=\"2395\" data-end=\"2420\">\n<p data-start=\"2397\" data-end=\"2420\">Blueberry Pomegranate<\/p>\n<\/li>\n<li data-start=\"2423\" data-end=\"2451\">\n<p data-start=\"2425\" data-end=\"2451\">Blueberry Sour Raspberry<\/p>\n<\/li>\n<li data-start=\"2454\" data-end=\"2480\">\n<p data-start=\"2456\" data-end=\"2480\">Mubba Bubba Fraise<\/p>\n<\/li>\n<li data-start=\"2483\" data-end=\"2514\">\n<p data-start=\"2485\" data-end=\"2514\">Fraise Framboise Cerise<\/p>\n<\/li>\n<li data-start=\"2517\" data-end=\"2546\">\n<p data-start=\"2519\" data-end=\"2546\">Strawberry Watermelon Ice<\/p>\n<\/li>\n<li data-start=\"2549\" data-end=\"2567\">\n<p data-start=\"2551\" data-end=\"2567\">Punch tropical<\/p>\n<\/li>\n<li data-start=\"2570\" data-end=\"2594\">\n<p data-start=\"2572\" data-end=\"2594\">Past\u00e8que Brazz Ice<\/p>\n<\/li>\n<li data-start=\"2597\" data-end=\"2615\">\n<p data-start=\"2599\" data-end=\"2615\">Glace \u00e0 la past\u00e8que<\/p>\n<\/li>\n<li data-start=\"2618\" data-end=\"2639\">\n<p data-start=\"2620\" data-end=\"2639\">Past\u00e8que Lychee<\/p>\n<\/li>\n<\/ul>\n<\/li>\n<\/ul>\n<p data-start=\"2641\" data-end=\"2800\">Chaque ar\u00f4me est \u00e9labor\u00e9 pour offrir un \u00e9quilibre parfait entre douceur, acidit\u00e9 et fra\u00eecheur, id\u00e9al pour une vape dynamique, plaisante et pleine de caract\u00e8re.<\/p>\n<hr data-start=\"2802\" data-end=\"2805\" \/>\n<h2 data-start=\"2807\" data-end=\"2871\"><strong data-start=\"2811\" data-end=\"2871\">PUFF JNR Capsule 15000 Puffs - Utilisation et exp\u00e9rience<\/strong><\/h2>\n<p data-start=\"2873\" data-end=\"3270\">Id\u00e9ale pour les amateurs de longues sessions de vape et les passionn\u00e9s de saveurs complexes et intenses. Gr\u00e2ce \u00e0 son volume de bouff\u00e9es \u00e9lev\u00e9, sa recharge rapide et sa vari\u00e9t\u00e9 de go\u00fbts, la PUFF JNR Capsule 15000 est parfaite pour accompagner vos journ\u00e9es avec constance et satisfaction. L'\u00e9cran LED intelligent ajoute une touche de contr\u00f4le et de technologie, pour une vape moderne et sans tracas.<\/p>\n<hr data-start=\"3272\" data-end=\"3275\" \/>\n<h2 data-start=\"3277\" data-end=\"3319\"><strong data-start=\"3281\" data-end=\"3319\">PUFF JNR Capsule 15000 Puffs - FAQ<\/strong><\/h2>\n<p data-start=\"3321\" data-end=\"3467\"><strong data-start=\"3321\" data-end=\"3358\">Q : Le go\u00fbt est-il trop intense ?<\/strong><br data-start=\"3358\" data-end=\"3361\" \/><strong data-start=\"3361\" data-end=\"3368\">R :<\/strong> Non, chaque saveur est soigneusement \u00e9quilibr\u00e9e pour garantir une exp\u00e9rience agr\u00e9able, sans exc\u00e8s.<\/p>\n<p data-start=\"3469\" data-end=\"3587\"><strong data-start=\"3469\" data-end=\"3509\">Q : L'appareil est-il rechargeable ?<\/strong><br data-start=\"3509\" data-end=\"3512\" \/><strong data-start=\"3512\" data-end=\"3519\">R :<\/strong> Oui, via un c\u00e2ble USB Type-C, pour une recharge rapide et pratique.<\/p>\n<p data-start=\"3589\" data-end=\"3735\"><strong data-start=\"3589\" data-end=\"3642\">Q : Quels sont les taux de nicotine disponibles ?<\/strong><br data-start=\"3642\" data-end=\"3645\" \/><strong data-start=\"3645\" data-end=\"3652\">R :<\/strong> Le produit est disponible avec 0 %, 2 % ou 5 % de nicotine, selon vos pr\u00e9f\u00e9rences.<\/p>\n<hr data-start=\"3737\" data-end=\"3740\" \/>\n<p data-start=\"3742\" data-end=\"3878\">\u26a0\ufe0f <strong data-start=\"3745\" data-end=\"3762\">Avertissement<\/strong> Ce produit contient de la nicotine, une substance addictive. R\u00e9serv\u00e9 exclusivement aux adultes de plus de 18 ans.<\/p>","protected":false},"excerpt":{"rendered":"<p data-start=\"250\" data-end=\"402\"><strong>PUFF JNR Capsule 15000<\/strong>, 20 ml de e-liquide, \u00e9cran LED, 15000 bouff\u00e9es, recharge USB-C, double mesh coil, saveurs fruit\u00e9es intenses et exp\u00e9rience fluide.<\/p>","protected":false},"featured_media":9055,"comment_status":"open","ping_status":"closed","template":"","meta":[],"product_brand":[79],"product_cat":[76],"product_tag":[],"class_list":{"0":"post-8991","1":"product","2":"type-product","3":"status-publish","4":"has-post-thumbnail","6":"product_brand-jnr-vape","7":"product_cat-cigarette-electronique-jetable","9":"first","10":"outofstock","11":"shipping-taxable","12":"purchasable","13":"product-type-variable"},"_links":{"self":[{"href":"https:\/\/smart-vape.store\/fr\/wp-json\/wp\/v2\/product\/8991","targetHints":{"allow":["GET"]}}],"collection":[{"href":"https:\/\/smart-vape.store\/fr\/wp-json\/wp\/v2\/product"}],"about":[{"href":"https:\/\/smart-vape.store\/fr\/wp-json\/wp\/v2\/types\/product"}],"replies":[{"embeddable":true,"href":"https:\/\/smart-vape.store\/fr\/wp-json\/wp\/v2\/comments?post=8991"}],"version-history":[{"count":1,"href":"https:\/\/smart-vape.store\/fr\/wp-json\/wp\/v2\/product\/8991\/revisions"}],"predecessor-version":[{"id":9059,"href":"https:\/\/smart-vape.store\/fr\/wp-json\/wp\/v2\/product\/8991\/revisions\/9059"}],"wp:featuredmedia":[{"embeddable":true,"href":"https:\/\/smart-vape.store\/fr\/wp-json\/wp\/v2\/media\/9055"}],"wp:attachment":[{"href":"https:\/\/smart-vape.store\/fr\/wp-json\/wp\/v2\/media?parent=8991"}],"wp:term":[{"taxonomy":"product_brand","embeddable":true,"href":"https:\/\/smart-vape.store\/fr\/wp-json\/wp\/v2\/product_brand?post=8991"},{"taxonomy":"product_cat","embeddable":true,"href":"https:\/\/smart-vape.store\/fr\/wp-json\/wp\/v2\/product_cat?post=8991"},{"taxonomy":"product_tag","embeddable":true,"href":"https:\/\/smart-vape.store\/fr\/wp-json\/wp\/v2\/product_tag?post=8991"}],"curies":[{"name":"wp","href":"https:\/\/api.w.org\/{rel}","templated":true}]}}