{"id":9116,"date":"2025-07-26T06:29:02","date_gmt":"2025-07-26T06:29:02","guid":{"rendered":"https:\/\/smart-vape.store\/?post_type=product&#038;p=9116"},"modified":"2025-11-20T07:24:26","modified_gmt":"2025-11-20T07:24:26","slug":"puff-jnr-phonevape-30000","status":"publish","type":"product","link":"https:\/\/smart-vape.store\/fr\/product\/puff-jnr-phonevape-30000\/","title":{"rendered":"PUFF JNR PhoneVape 30000"},"content":{"rendered":"<h2 data-start=\"181\" data-end=\"230\"><strong data-start=\"185\" data-end=\"230\">PUFF JNR PhoneVape 30000 Pr\u00e9sentation du produit<\/strong><\/h2>\n<p data-start=\"232\" data-end=\"764\">Le site <strong data-start=\"236\" data-end=\"264\">PUFF JNR PhoneVape 30000<\/strong> n'est pas seulement une vape jetable, c'est un pas vers l'avenir de la technologie du vapotage. Con\u00e7u avec l'innovation au c\u0153ur, cet appareil offre jusqu'\u00e0 <strong data-start=\"408\" data-end=\"424\">30,000 puffs<\/strong> dans <strong data-start=\"428\" data-end=\"444\">Mode r\u00e9gulier<\/strong>et environ <strong data-start=\"464\" data-end=\"480\">18,000 puffs<\/strong> dans <strong data-start=\"484\" data-end=\"498\">Mode puls\u00e9<\/strong>Le vaporisateur de la marque est un appareil \u00e9l\u00e9gant, int\u00e9gr\u00e9 dans une application, qui offre deux exp\u00e9riences de vapotage personnalisables. Aliment\u00e9 par un <strong data-start=\"595\" data-end=\"626\">batterie rechargeable de 850mAh<\/strong> et pr\u00e9sentant un <strong data-start=\"643\" data-end=\"670\">r\u00e9servoir d'e-liquide de 19ml<\/strong> avec <strong data-start=\"676\" data-end=\"698\">5% (50mg) nicotine<\/strong>Il garantit une satisfaction \u00e0 long terme et une performance constante.<\/p>\n<p data-start=\"766\" data-end=\"803\">Les caract\u00e9ristiques technologiques avanc\u00e9es incluent :<\/p>\n<ul data-start=\"804\" data-end=\"1257\">\n<li data-start=\"804\" data-end=\"888\">\n<p data-start=\"806\" data-end=\"888\"><strong data-start=\"806\" data-end=\"839\">Connectivit\u00e9 de l'application via WearinOS<\/strong>D\u00e9verrouiller un monde de contr\u00f4le et de personnalisation.<\/p>\n<\/li>\n<li data-start=\"889\" data-end=\"957\">\n<p data-start=\"891\" data-end=\"957\"><strong data-start=\"891\" data-end=\"916\">Fonctions d'appel et de texte<\/strong>Rester connect\u00e9 directement depuis votre vape.<\/p>\n<\/li>\n<li data-start=\"958\" data-end=\"1026\">\n<p data-start=\"960\" data-end=\"1026\"><strong data-start=\"960\" data-end=\"985\">Contr\u00f4le de la cam\u00e9ra \u00e0 distance<\/strong>Snap photos from a distance with a tap.<\/p>\n<\/li>\n<li data-start=\"1027\" data-end=\"1087\">\n<p data-start=\"1029\" data-end=\"1087\"><strong data-start=\"1029\" data-end=\"1056\">\"Find My Vape\" Function<\/strong>: Ne perdez plus jamais votre appareil.<\/p>\n<\/li>\n<li data-start=\"1088\" data-end=\"1128\">\n<p data-start=\"1090\" data-end=\"1128\"><strong data-start=\"1090\" data-end=\"1103\">Mode de verrouillage<\/strong>: Pour la s\u00e9curit\u00e9 et l'intimit\u00e9.<\/p>\n<\/li>\n<li data-start=\"1129\" data-end=\"1192\">\n<p data-start=\"1131\" data-end=\"1192\"><strong data-start=\"1131\" data-end=\"1154\">\u00c9cran d'affichage complet<\/strong>Toutes les informations, toujours en un coup d'\u0153il.<\/p>\n<\/li>\n<li data-start=\"1193\" data-end=\"1257\">\n<p data-start=\"1195\" data-end=\"1257\"><strong data-start=\"1195\" data-end=\"1217\">D\u00e9bit d'air r\u00e9glable<\/strong>Tailor each inhale to your preference.<\/p>\n<\/li>\n<\/ul>\n<p data-start=\"1259\" data-end=\"1399\">C'est la premi\u00e8re de son genre \u00e0 m\u00e9langer <strong data-start=\"1298\" data-end=\"1317\">telecom utility<\/strong> avec premium <strong data-start=\"1331\" data-end=\"1351\">vape engineering<\/strong>La cigarette \u00e9lectronique est le compagnon id\u00e9al pour vaper intelligemment.<\/p>\n<hr data-start=\"1401\" data-end=\"1404\" \/>\n<h2 data-start=\"1406\" data-end=\"1457\"><strong data-start=\"1410\" data-end=\"1457\">PUFF JNR PhoneVape 30000 Flavor Description<\/strong><\/h2>\n<p data-start=\"1459\" data-end=\"1721\">PUFF JNR PhoneVape 30000 vient dans une s\u00e9lection de <strong data-start=\"1508\" data-end=\"1538\">saveurs de fruits rouges et glac\u00e9s<\/strong> con\u00e7u pour exciter votre palais et envahir vos sens. Chaque puff d\u00e9livre un nuage doux mais puissant de vapeur satisfaisante, capturant \u00e0 la fois la douceur et la fra\u00eecheur en parfaite harmonie.<\/p>\n<p data-start=\"1723\" data-end=\"1745\"><strong data-start=\"1723\" data-end=\"1745\">Saveurs disponibles :<\/strong><\/p>\n<ul data-start=\"1746\" data-end=\"2451\">\n<li data-start=\"1746\" data-end=\"1813\">\n<p data-start=\"1748\" data-end=\"1813\"><strong data-start=\"1748\" data-end=\"1765\">Blue-Razz Ice<\/strong> - Une framboise bleue tangy chilled \u00e0 la perfection.<\/p>\n<\/li>\n<li data-start=\"1814\" data-end=\"1882\">\n<p data-start=\"1816\" data-end=\"1882\"><strong data-start=\"1816\" data-end=\"1834\">Glace \u00e0 la fraise<\/strong> - Des framboises bien m\u00fbres avec un coup de fouet glac\u00e9 rafra\u00eechissant.<\/p>\n<\/li>\n<li data-start=\"1883\" data-end=\"1944\">\n<p data-start=\"1885\" data-end=\"1944\"><strong data-start=\"1885\" data-end=\"1903\">Glace \u00e0 la past\u00e8que<\/strong> - Juicy watermelon rencontre une brise menthol\u00e9e.<\/p>\n<\/li>\n<li data-start=\"1945\" data-end=\"2006\">\n<p data-start=\"1947\" data-end=\"2006\"><strong data-start=\"1947\" data-end=\"1961\">Miami Mint<\/strong> - Une sensation de menthe bretonne d'inspiration c\u00f4ti\u00e8re.<\/p>\n<\/li>\n<li data-start=\"2007\" data-end=\"2068\">\n<p data-start=\"2009\" data-end=\"2068\"><strong data-start=\"2009\" data-end=\"2023\">Banana Ice<\/strong> - Creamy banana balanced with a cool exhale.<\/p>\n<\/li>\n<li data-start=\"2069\" data-end=\"2141\">\n<p data-start=\"2071\" data-end=\"2141\"><strong data-start=\"2071\" data-end=\"2102\">Cherry Strawberry Framboise<\/strong> - Un trio de baies riches, stratifi\u00e9es et vives.<\/p>\n<\/li>\n<li data-start=\"2142\" data-end=\"2216\">\n<p data-start=\"2144\" data-end=\"2216\"><strong data-start=\"2144\" data-end=\"2162\">Glace \u00e0 la pomme acidul\u00e9e<\/strong> - Crisp green apple with a sourd spark and icy finish.<\/p>\n<\/li>\n<li data-start=\"2217\" data-end=\"2291\">\n<p data-start=\"2219\" data-end=\"2291\"><strong data-start=\"2219\" data-end=\"2243\">Blueberry Past\u00e8que<\/strong> - Un m\u00e9lange jubilatoire et doux de baies et de melon.<\/p>\n<\/li>\n<li data-start=\"2292\" data-end=\"2366\">\n<p data-start=\"2294\" data-end=\"2366\"><strong data-start=\"2294\" data-end=\"2320\">Peach Mango Watermelon<\/strong> - Tropical et sucr\u00e9, avec un toucher de bouche doux.<\/p>\n<\/li>\n<li data-start=\"2367\" data-end=\"2451\">\n<p data-start=\"2369\" data-end=\"2451\"><strong data-start=\"2369\" data-end=\"2384\">Fcuking Fab<\/strong> - Un m\u00e9lange de myst\u00e8res qui est follement satisfaisant et impossible \u00e0 oublier.<\/p>\n<\/li>\n<\/ul>\n<p data-start=\"2453\" data-end=\"2539\"><strong data-start=\"2453\" data-end=\"2498\">Ou optez pour les saveurs al\u00e9atoires (Fast Shipping)<\/strong> to let surprise be part of your journey.<\/p>\n<hr data-start=\"2541\" data-end=\"2544\" \/>\n<h2 data-start=\"2546\" data-end=\"2597\"><strong data-start=\"2550\" data-end=\"2597\">PUFF JNR PhoneVape 30000 Utilisation et exp\u00e9rience<\/strong><\/h2>\n<p data-start=\"2599\" data-end=\"2858\">Que vous soyez un vapoteur techno-savvy ou que vous recherchiez un maximum de commodit\u00e9 et de personnalisation, <strong data-start=\"2693\" data-end=\"2721\">PUFF JNR PhoneVape 30000<\/strong> est con\u00e7u pour impressionner. Il offre <strong data-start=\"2753\" data-end=\"2766\">deux modes<\/strong> pour une performance de puff flexible, vous permettant de commuter entre <strong data-start=\"2829\" data-end=\"2857\">efficacit\u00e9 et intensit\u00e9<\/strong>.<\/p>\n<p data-start=\"2860\" data-end=\"3229\">Le site <strong data-start=\"2864\" data-end=\"2892\">Fonctions contr\u00f4l\u00e9es par l'application<\/strong> allow for <strong data-start=\"2903\" data-end=\"2922\">suivi de l'appareil<\/strong>, <strong data-start=\"2924\" data-end=\"2944\">contr\u00f4le de la s\u00e9curit\u00e9<\/strong>et m\u00eame <strong data-start=\"2955\" data-end=\"2984\">moments selfie mains libres<\/strong>. Le site <strong data-start=\"2990\" data-end=\"3019\">syst\u00e8me de flux d'air ajustable<\/strong> que vous pr\u00e9f\u00e9riez un tirage serr\u00e9 ou ouvert, vous trouverez le r\u00e9glage parfait. Le site <strong data-start=\"3104\" data-end=\"3127\">plein \u00e9cran<\/strong> fournit des donn\u00e9es en temps r\u00e9el sur la dur\u00e9e de vie de la batterie, le nombre de bouff\u00e9es et les r\u00e9glages, pour que vous soyez toujours en contr\u00f4le.<\/p>\n<p data-start=\"3231\" data-end=\"3374\">Un facteur de forme \u00e9l\u00e9gant et moderne combin\u00e9 \u00e0 une technologie de derni\u00e8re g\u00e9n\u00e9ration transforme votre vape en quelque chose de bien plus...<strong data-start=\"3348\" data-end=\"3373\">un accessoire de style de vie<\/strong>.<\/p>\n<hr data-start=\"3376\" data-end=\"3379\" \/>\n<h2><strong data-start=\"3385\" data-end=\"3417\">PUFF JNR PhoneVape 30000 FAQ<\/strong><\/h2>\n<p data-start=\"3419\" data-end=\"3551\"><strong data-start=\"3419\" data-end=\"3467\">Q : Combien de puffs puis-je obtenir \u00e0 partir d'un seul appareil ?<\/strong><br data-start=\"3467\" data-end=\"3470\" \/><strong data-start=\"3470\" data-end=\"3476\">A :<\/strong> Environ 30 000 bouff\u00e9es en mode r\u00e9gulier et 18 000 bouff\u00e9es en mode puls\u00e9.<\/p>\n<p data-start=\"3553\" data-end=\"3693\"><strong data-start=\"3553\" data-end=\"3588\">Q : La batterie est-elle rechargeable ?<\/strong><br data-start=\"3588\" data-end=\"3591\" \/><strong data-start=\"3591\" data-end=\"3597\">A :<\/strong> Oui, il est fourni avec un <strong data-start=\"3628\" data-end=\"3646\">batterie de 850mAh<\/strong> et supporte le chargement rapide via <strong data-start=\"3678\" data-end=\"3692\">USB Type-C<\/strong>.<\/p>\n<p data-start=\"3695\" data-end=\"3850\"><strong data-start=\"3695\" data-end=\"3733\">Q : Puis-je le contr\u00f4ler avec mon t\u00e9l\u00e9phone ?<\/strong><br data-start=\"3733\" data-end=\"3736\" \/><strong data-start=\"3736\" data-end=\"3742\">A :<\/strong> Absolument, absolument. C'est <strong data-start=\"3760\" data-end=\"3791\">app-controlled via WearinOS<\/strong>Le logiciel offre des fonctionnalit\u00e9s telles que le mode de verrouillage, Find My Vape, et plus encore.<\/p>\n<p data-start=\"3852\" data-end=\"4000\"><strong data-start=\"3852\" data-end=\"3895\">Q : Quel est le taux de nicotine contenu dans le produit ?<\/strong><br data-start=\"3895\" data-end=\"3898\" \/><strong data-start=\"3898\" data-end=\"3904\">A :<\/strong> Chaque appareil contient <strong data-start=\"3926\" data-end=\"3941\">5% nicotine<\/strong> (50mg), fournissant un hit satisfaisant pour les utilisateurs exp\u00e9riment\u00e9s.<\/p>\n<p data-start=\"4002\" data-end=\"4170\"><strong data-start=\"4002\" data-end=\"4045\">Q : Les fonctions d'appel et de texte sont-elles r\u00e9elles ?<\/strong><br data-start=\"4045\" data-end=\"4048\" \/><strong data-start=\"4048\" data-end=\"4054\">A :<\/strong> Oui, lorsqu'elles sont appari\u00e9es via l'application, vous pouvez g\u00e9rer des <strong data-start=\"4107\" data-end=\"4140\">fonctionnalit\u00e9s d'appel et de texte<\/strong> \u00e0 travers l'interface de la vape.<\/p>\n<hr data-start=\"4172\" data-end=\"4175\" \/>\n<p data-start=\"4177\" data-end=\"4285\">\u26a0\ufe0f <strong data-start=\"4180\" data-end=\"4192\">Avertissement :<\/strong> Ce produit contient de la nicotine. La nicotine est un produit chimique addictif. R\u00e9serv\u00e9 \u00e0 un usage adulte (18+).<\/p>","protected":false},"excerpt":{"rendered":"<p><strong>PUFF JNR PhoneVape 30000<\/strong> avec double mode, contr\u00f4le via app, \u00e9cran complet, appels, SMS, cam\u00e9ra \u00e0 distance et r\u00e9glage du flux d'air.<\/p>","protected":false},"featured_media":9129,"comment_status":"open","ping_status":"closed","template":"","meta":[],"product_brand":[79],"product_cat":[76],"product_tag":[],"class_list":{"0":"post-9116","1":"product","2":"type-product","3":"status-publish","4":"has-post-thumbnail","6":"product_brand-jnr-vape","7":"product_cat-cigarette-electronique-jetable","9":"first","10":"outofstock","11":"shipping-taxable","12":"purchasable","13":"product-type-variable"},"_links":{"self":[{"href":"https:\/\/smart-vape.store\/fr\/wp-json\/wp\/v2\/product\/9116","targetHints":{"allow":["GET"]}}],"collection":[{"href":"https:\/\/smart-vape.store\/fr\/wp-json\/wp\/v2\/product"}],"about":[{"href":"https:\/\/smart-vape.store\/fr\/wp-json\/wp\/v2\/types\/product"}],"replies":[{"embeddable":true,"href":"https:\/\/smart-vape.store\/fr\/wp-json\/wp\/v2\/comments?post=9116"}],"version-history":[{"count":1,"href":"https:\/\/smart-vape.store\/fr\/wp-json\/wp\/v2\/product\/9116\/revisions"}],"predecessor-version":[{"id":9132,"href":"https:\/\/smart-vape.store\/fr\/wp-json\/wp\/v2\/product\/9116\/revisions\/9132"}],"wp:featuredmedia":[{"embeddable":true,"href":"https:\/\/smart-vape.store\/fr\/wp-json\/wp\/v2\/media\/9129"}],"wp:attachment":[{"href":"https:\/\/smart-vape.store\/fr\/wp-json\/wp\/v2\/media?parent=9116"}],"wp:term":[{"taxonomy":"product_brand","embeddable":true,"href":"https:\/\/smart-vape.store\/fr\/wp-json\/wp\/v2\/product_brand?post=9116"},{"taxonomy":"product_cat","embeddable":true,"href":"https:\/\/smart-vape.store\/fr\/wp-json\/wp\/v2\/product_cat?post=9116"},{"taxonomy":"product_tag","embeddable":true,"href":"https:\/\/smart-vape.store\/fr\/wp-json\/wp\/v2\/product_tag?post=9116"}],"curies":[{"name":"wp","href":"https:\/\/api.w.org\/{rel}","templated":true}]}}